{"id":19485,"date":"2023-03-20T13:10:50","date_gmt":"2023-03-20T13:10:50","guid":{"rendered":"https:\/\/agnamana.de\/?page_id=19485"},"modified":"2023-06-25T11:00:23","modified_gmt":"2023-06-25T11:00:23","slug":"hausverwaltung","status":"publish","type":"page","link":"https:\/\/www.muzi-berlin.de\/de\/hausverwaltung\/","title":{"rendered":"Hausverwaltung"},"content":{"rendered":"\t\t<div data-elementor-type=\"wp-page\" data-elementor-id=\"19485\" class=\"elementor elementor-19485\" data-elementor-post-type=\"page\">\n\t\t\t\t\t\t\t\t\t<section class=\"elementor-section elementor-top-section elementor-element elementor-element-5d6b540 elementor-section-boxed elementor-section-height-default elementor-section-height-default\" data-id=\"5d6b540\" data-element_type=\"section\">\n\t\t\t\t\t\t<div class=\"elementor-container elementor-column-gap-default\">\n\t\t\t\t\t<div class=\"elementor-column elementor-col-50 elementor-top-column elementor-element elementor-element-dc6e862\" data-id=\"dc6e862\" data-element_type=\"column\">\n\t\t\t<div class=\"elementor-widget-wrap elementor-element-populated\">\n\t\t\t\t\t\t\t\t<div class=\"elementor-element elementor-element-e0dc4bd elementor-widget elementor-widget-image\" data-id=\"e0dc4bd\" data-element_type=\"widget\" data-widget_type=\"image.default\">\n\t\t\t\t<div class=\"elementor-widget-container\">\n\t\t\t<style>\/*! elementor - v3.15.0 - 20-08-2023 *\/\n.elementor-widget-image{text-align:center}.elementor-widget-image a{display:inline-block}.elementor-widget-image a img[src$=\".svg\"]{width:48px}.elementor-widget-image img{vertical-align:middle;display:inline-block}<\/style>\t\t\t\t\t\t\t\t\t\t\t\t<img loading=\"lazy\" decoding=\"async\" width=\"624\" height=\"546\" src=\"https:\/\/www.muzi-berlin.de\/wp-content\/uploads\/2023\/03\/Bildschirm\u00adfoto-2023-03-20-um-16.46.26.png\" class=\"attachment-large size-large wp-image-19534\" alt=\"\" srcset=\"https:\/\/www.muzi-berlin.de\/wp-content\/uploads\/2023\/03\/Bildschirm\u00adfoto-2023-03-20-um-16.46.26.png 624w, https:\/\/www.muzi-berlin.de\/wp-content\/uploads\/2023\/03\/Bildschirm\u00adfoto-2023-03-20-um-16.46.26-300x263.png 300w, https:\/\/www.muzi-berlin.de\/wp-content\/uploads\/2023\/03\/Bildschirm\u00adfoto-2023-03-20-um-16.46.26-250x220.png 250w\" sizes=\"auto, (max-width: 624px) 100vw, 624px\" \/>\t\t\t\t\t\t\t\t\t\t\t\t\t\t\t<\/div>\n\t\t\t\t<\/div>\n\t\t\t\t\t<\/div>\n\t\t<\/div>\n\t\t\t\t<div class=\"elementor-column elementor-col-50 elementor-top-column elementor-element elementor-element-a26c1ab\" data-id=\"a26c1ab\" data-element_type=\"column\">\n\t\t\t<div class=\"elementor-widget-wrap elementor-element-populated\">\n\t\t\t\t\t\t\t\t<div class=\"elementor-element elementor-element-ea7a7db elementor-widget elementor-widget-text-editor\" data-id=\"ea7a7db\" data-element_type=\"widget\" data-widget_type=\"text-editor.default\">\n\t\t\t\t<div class=\"elementor-widget-container\">\n\t\t\t<style>\/*! elementor - v3.15.0 - 20-08-2023 *\/\n.elementor-widget-text-editor.elementor-drop-cap-view-stacked .elementor-drop-cap{background-color:#69727d;color:#fff}.elementor-widget-text-editor.elementor-drop-cap-view-framed .elementor-drop-cap{color:#69727d;border:3px solid;background-color:transparent}.elementor-widget-text-editor:not(.elementor-drop-cap-view-default) .elementor-drop-cap{margin-top:8px}.elementor-widget-text-editor:not(.elementor-drop-cap-view-default) .elementor-drop-cap-letter{width:1em;height:1em}.elementor-widget-text-editor .elementor-drop-cap{float:left;text-align:center;line-height:1;font-size:50px}.elementor-widget-text-editor .elementor-drop-cap-letter{display:inline-block}<\/style>\t\t\t\t<p>Wir verwalten seit 2007 preisg\u00fcnstig und fachkundig Ihre Immobilie in Berlin.<\/p><p>Wir bieten unseren Auftraggebern eine professionelle und serviceorientierte Immobilienverwaltung, die den Wert und die Qualit\u00e4t der Liegenschaften kontinuierlich steigert.<\/p><p>Jeder Verwaltungsauftrag wird flexibel auf die Kundenbed\u00fcrfnisse zugeschnitten und beinhaltet je nach individueller Absprache folgende Leistungen:<\/p><div id=\"aircall-extension-app\">\u00a0<\/div>\t\t\t\t\t\t<\/div>\n\t\t\t\t<\/div>\n\t\t\t\t\t<\/div>\n\t\t<\/div>\n\t\t\t\t\t\t\t<\/div>\n\t\t<\/section>\n\t\t\t\t<section class=\"elementor-section elementor-top-section elementor-element elementor-element-ee2e23f elementor-section-boxed elementor-section-height-default elementor-section-height-default\" data-id=\"ee2e23f\" data-element_type=\"section\">\n\t\t\t\t\t\t<div class=\"elementor-container elementor-column-gap-default\">\n\t\t\t\t\t<div class=\"elementor-column elementor-col-100 elementor-top-column elementor-element elementor-element-f0438de\" data-id=\"f0438de\" data-element_type=\"column\">\n\t\t\t<div class=\"elementor-widget-wrap elementor-element-populated\">\n\t\t\t\t\t\t\t\t<div class=\"elementor-element elementor-element-b82cf3b elementor-widget elementor-widget-text-editor\" data-id=\"b82cf3b\" data-element_type=\"widget\" data-widget_type=\"text-editor.default\">\n\t\t\t\t<div class=\"elementor-widget-container\">\n\t\t\t\t\t\t\t<ul>\n<li>den Abschluss von Miet- und Pachtvertr\u00e4gen<\/li>\n<li>die Mietbuchhaltung<\/li>\n<li>die Durchsetzung von Forderungen, ggf. mit anwaltlicher Hilfe<\/li>\n<li>die laufende Pr\u00fcfung m\u00f6glicher Mieterh\u00f6hungen und Kosteneinsparungen<\/li>\n<li>der Abschluss von Versicherungs- und Versorgungsvertr\u00e4gen<\/li>\n<li>die Instandhaltungssicherung und soweit notwendig die Beauftragung von Handwerkern und Dienstleistern, ggf. die Abnahme der jeweiligen Leistungen und Lieferungen sowie die \u00dcberpr\u00fcfung der Rechnungen<\/li>\n<li>die Erstellung monatlicher Abrechnungen<\/li>\n<\/ul>\n<p>Dar\u00fcber hinaus bieten wir passgenaue und optimierte Investitionsl\u00f6sungen, die in Zusammenarbeit mit bew\u00e4hrten Experten, wie z. B. Steuerberatern, Verm\u00f6gensberatern, Fachanw\u00e4lten, Maklern, technischen Beratern, Fachhandwerkern, Geb\u00e4udegutachtern, Notaren sowie Planungs- und Ingenieursb\u00fcros erarbeitet werden.<\/p>\n<p>Gerne senden wir Ihnen ein unverbindliches Angebot zu. Vergleichen Sie unser Preis- Leistungsverh\u00e4ltnis.<\/p>\n<p><span style=\"text-decoration: underline;\"><strong>Gesch\u00e4ftsfelder:<\/strong><\/span>&nbsp;Mietverwaltung, Wohnungseigentumsverwaltung, Sondereigentumsverwaltung, Gewerbeverwaltung<\/p>\n<div id=\"aircall-extension-app\">&nbsp;<\/div>\t\t\t\t\t\t<\/div>\n\t\t\t\t<\/div>\n\t\t\t\t\t<\/div>\n\t\t<\/div>\n\t\t\t\t\t\t\t<\/div>\n\t\t<\/section>\n\t\t\t\t\t\t\t<\/div>\n\t\t","protected":false},"excerpt":{"rendered":"<p>Wir verwalten seit 2007 preisg\u00fcnstig und fachkundig Ihre Immobilie in Berlin. Wir bieten unseren Auftraggebern eine professionelle und serviceorientierte Immobilienverwaltung, die den Wert und die Qualit\u00e4t der Liegenschaften kontinuierlich steigert. Jeder Verwaltungsauftrag wird flexibel auf die Kundenbed\u00fcrfnisse zugeschnitten und beinhaltet je nach individueller Absprache folgende Leistungen: den Abschluss von Miet- und Pachtvertr\u00e4gen die Mietbuchhaltung die Durchsetzung von Forderungen, ggf. mit anwaltlicher Hilfe die laufende &#8230;<\/p>\n","protected":false},"author":1,"featured_media":0,"parent":0,"menu_order":0,"comment_status":"closed","ping_status":"closed","template":"","meta":{"footnotes":""},"class_list":["post-19485","page","type-page","status-publish","hentry"],"acf":[],"yoast_head":"<!-- This site is optimized with the Yoast SEO plugin v21.1 - https:\/\/yoast.com\/wordpress\/plugins\/seo\/ -->\n<title>Hausverwaltung - Muzi Berlin Immobilien &amp; Finanzdienst e.K.<\/title>\n<meta name=\"robots\" content=\"index, follow, max-snippet:-1, max-image-preview:large, max-video-preview:-1\" \/>\n<link rel=\"canonical\" href=\"https:\/\/www.muzi-berlin.de\/de\/hausverwaltung\/\" \/>\n<meta property=\"og:locale\" content=\"de_DE\" \/>\n<meta property=\"og:type\" content=\"article\" \/>\n<meta property=\"og:title\" content=\"Hausverwaltung - Muzi Berlin Immobilien &amp; Finanzdienst e.K.\" \/>\n<meta property=\"og:description\" content=\"Wir verwalten seit 2007 preisg\u00fcnstig und fachkundig Ihre Immobilie in Berlin. Wir bieten unseren Auftraggebern eine professionelle und serviceorientierte Immobilienverwaltung, die den Wert und die Qualit\u00e4t der Liegenschaften kontinuierlich steigert. Jeder Verwaltungsauftrag wird flexibel auf die Kundenbed\u00fcrfnisse zugeschnitten und beinhaltet je nach individueller Absprache folgende Leistungen: den Abschluss von Miet- und Pachtvertr\u00e4gen die Mietbuchhaltung die Durchsetzung von Forderungen, ggf. mit anwaltlicher Hilfe die laufende ...\" \/>\n<meta property=\"og:url\" content=\"https:\/\/www.muzi-berlin.de\/de\/hausverwaltung\/\" \/>\n<meta property=\"og:site_name\" content=\"Muzi Berlin Immobilien &amp; Finanzdienst e.K.\" \/>\n<meta property=\"article:modified_time\" content=\"2023-06-25T11:00:23+00:00\" \/>\n<meta name=\"twitter:card\" content=\"summary_large_image\" \/>\n<meta name=\"twitter:label1\" content=\"Gesch\u00e4tzte Lesezeit\" \/>\n\t<meta name=\"twitter:data1\" content=\"1\u00a0Minute\" \/>\n<script type=\"application\/ld+json\" class=\"yoast-schema-graph\">{\"@context\":\"https:\/\/schema.org\",\"@graph\":[{\"@type\":\"WebPage\",\"@id\":\"https:\/\/www.muzi-berlin.de\/de\/hausverwaltung\/\",\"url\":\"https:\/\/www.muzi-berlin.de\/de\/hausverwaltung\/\",\"name\":\"Hausverwaltung - Muzi Berlin Immobilien &amp; Finanzdienst e.K.\",\"isPartOf\":{\"@id\":\"https:\/\/www.muzi-berlin.de\/de\/#website\"},\"datePublished\":\"2023-03-20T13:10:50+00:00\",\"dateModified\":\"2023-06-25T11:00:23+00:00\",\"breadcrumb\":{\"@id\":\"https:\/\/www.muzi-berlin.de\/de\/hausverwaltung\/#breadcrumb\"},\"inLanguage\":\"de\",\"potentialAction\":[{\"@type\":\"ReadAction\",\"target\":[\"https:\/\/www.muzi-berlin.de\/de\/hausverwaltung\/\"]}]},{\"@type\":\"BreadcrumbList\",\"@id\":\"https:\/\/www.muzi-berlin.de\/de\/hausverwaltung\/#breadcrumb\",\"itemListElement\":[{\"@type\":\"ListItem\",\"position\":1,\"name\":\"Startseite\",\"item\":\"https:\/\/www.muzi-berlin.de\/de\/\"},{\"@type\":\"ListItem\",\"position\":2,\"name\":\"Hausverwaltung\"}]},{\"@type\":\"WebSite\",\"@id\":\"https:\/\/www.muzi-berlin.de\/de\/#website\",\"url\":\"https:\/\/www.muzi-berlin.de\/de\/\",\"name\":\"Muzi - Berlin Immobilien & Finanzdienst e.K.\",\"description\":\"\",\"publisher\":{\"@id\":\"https:\/\/www.muzi-berlin.de\/de\/#organization\"},\"potentialAction\":[{\"@type\":\"SearchAction\",\"target\":{\"@type\":\"EntryPoint\",\"urlTemplate\":\"https:\/\/www.muzi-berlin.de\/de\/?s={search_term_string}\"},\"query-input\":\"required name=search_term_string\"}],\"inLanguage\":\"de\"},{\"@type\":\"Organization\",\"@id\":\"https:\/\/www.muzi-berlin.de\/de\/#organization\",\"name\":\"Muzi - Berlin Immobilien & Finanzdienst e.K.\",\"url\":\"https:\/\/www.muzi-berlin.de\/de\/\",\"logo\":{\"@type\":\"ImageObject\",\"inLanguage\":\"de\",\"@id\":\"https:\/\/www.muzi-berlin.de\/de\/#\/schema\/logo\/image\/\",\"url\":\"https:\/\/www.muzi-berlin.de\/wp-content\/uploads\/2023\/08\/465MBuberarbeitet-1-scaled.jpg\",\"contentUrl\":\"https:\/\/www.muzi-berlin.de\/wp-content\/uploads\/2023\/08\/465MBuberarbeitet-1-scaled.jpg\",\"width\":2560,\"height\":792,\"caption\":\"Muzi - Berlin Immobilien & Finanzdienst e.K.\"},\"image\":{\"@id\":\"https:\/\/www.muzi-berlin.de\/de\/#\/schema\/logo\/image\/\"}}]}<\/script>\n<!-- \/ Yoast SEO plugin. -->","yoast_head_json":{"title":"Hausverwaltung - Muzi Berlin Immobilien &amp; Finanzdienst e.K.","robots":{"index":"index","follow":"follow","max-snippet":"max-snippet:-1","max-image-preview":"max-image-preview:large","max-video-preview":"max-video-preview:-1"},"canonical":"https:\/\/www.muzi-berlin.de\/de\/hausverwaltung\/","og_locale":"de_DE","og_type":"article","og_title":"Hausverwaltung - Muzi Berlin Immobilien &amp; Finanzdienst e.K.","og_description":"Wir verwalten seit 2007 preisg\u00fcnstig und fachkundig Ihre Immobilie in Berlin. Wir bieten unseren Auftraggebern eine professionelle und serviceorientierte Immobilienverwaltung, die den Wert und die Qualit\u00e4t der Liegenschaften kontinuierlich steigert. Jeder Verwaltungsauftrag wird flexibel auf die Kundenbed\u00fcrfnisse zugeschnitten und beinhaltet je nach individueller Absprache folgende Leistungen: den Abschluss von Miet- und Pachtvertr\u00e4gen die Mietbuchhaltung die Durchsetzung von Forderungen, ggf. mit anwaltlicher Hilfe die laufende ...","og_url":"https:\/\/www.muzi-berlin.de\/de\/hausverwaltung\/","og_site_name":"Muzi Berlin Immobilien &amp; Finanzdienst e.K.","article_modified_time":"2023-06-25T11:00:23+00:00","twitter_card":"summary_large_image","twitter_misc":{"Gesch\u00e4tzte Lesezeit":"1\u00a0Minute"},"schema":{"@context":"https:\/\/schema.org","@graph":[{"@type":"WebPage","@id":"https:\/\/www.muzi-berlin.de\/de\/hausverwaltung\/","url":"https:\/\/www.muzi-berlin.de\/de\/hausverwaltung\/","name":"Hausverwaltung - Muzi Berlin Immobilien &amp; Finanzdienst e.K.","isPartOf":{"@id":"https:\/\/www.muzi-berlin.de\/de\/#website"},"datePublished":"2023-03-20T13:10:50+00:00","dateModified":"2023-06-25T11:00:23+00:00","breadcrumb":{"@id":"https:\/\/www.muzi-berlin.de\/de\/hausverwaltung\/#breadcrumb"},"inLanguage":"de","potentialAction":[{"@type":"ReadAction","target":["https:\/\/www.muzi-berlin.de\/de\/hausverwaltung\/"]}]},{"@type":"BreadcrumbList","@id":"https:\/\/www.muzi-berlin.de\/de\/hausverwaltung\/#breadcrumb","itemListElement":[{"@type":"ListItem","position":1,"name":"Startseite","item":"https:\/\/www.muzi-berlin.de\/de\/"},{"@type":"ListItem","position":2,"name":"Hausverwaltung"}]},{"@type":"WebSite","@id":"https:\/\/www.muzi-berlin.de\/de\/#website","url":"https:\/\/www.muzi-berlin.de\/de\/","name":"Muzi - Berlin Immobilien & Finanzdienst e.K.","description":"","publisher":{"@id":"https:\/\/www.muzi-berlin.de\/de\/#organization"},"potentialAction":[{"@type":"SearchAction","target":{"@type":"EntryPoint","urlTemplate":"https:\/\/www.muzi-berlin.de\/de\/?s={search_term_string}"},"query-input":"required name=search_term_string"}],"inLanguage":"de"},{"@type":"Organization","@id":"https:\/\/www.muzi-berlin.de\/de\/#organization","name":"Muzi - Berlin Immobilien & Finanzdienst e.K.","url":"https:\/\/www.muzi-berlin.de\/de\/","logo":{"@type":"ImageObject","inLanguage":"de","@id":"https:\/\/www.muzi-berlin.de\/de\/#\/schema\/logo\/image\/","url":"https:\/\/www.muzi-berlin.de\/wp-content\/uploads\/2023\/08\/465MBuberarbeitet-1-scaled.jpg","contentUrl":"https:\/\/www.muzi-berlin.de\/wp-content\/uploads\/2023\/08\/465MBuberarbeitet-1-scaled.jpg","width":2560,"height":792,"caption":"Muzi - Berlin Immobilien & Finanzdienst e.K."},"image":{"@id":"https:\/\/www.muzi-berlin.de\/de\/#\/schema\/logo\/image\/"}}]}},"_links":{"self":[{"href":"https:\/\/www.muzi-berlin.de\/de\/wp-json\/wp\/v2\/pages\/19485","targetHints":{"allow":["GET"]}}],"collection":[{"href":"https:\/\/www.muzi-berlin.de\/de\/wp-json\/wp\/v2\/pages"}],"about":[{"href":"https:\/\/www.muzi-berlin.de\/de\/wp-json\/wp\/v2\/types\/page"}],"author":[{"embeddable":true,"href":"https:\/\/www.muzi-berlin.de\/de\/wp-json\/wp\/v2\/users\/1"}],"replies":[{"embeddable":true,"href":"https:\/\/www.muzi-berlin.de\/de\/wp-json\/wp\/v2\/comments?post=19485"}],"version-history":[{"count":0,"href":"https:\/\/www.muzi-berlin.de\/de\/wp-json\/wp\/v2\/pages\/19485\/revisions"}],"wp:attachment":[{"href":"https:\/\/www.muzi-berlin.de\/de\/wp-json\/wp\/v2\/media?parent=19485"}],"curies":[{"name":"wp","href":"https:\/\/api.w.org\/{rel}","templated":true}]}}