{"id":19486,"date":"2023-03-20T13:10:50","date_gmt":"2023-03-20T13:10:50","guid":{"rendered":"https:\/\/agnamana.de\/?page_id=19486"},"modified":"2023-05-14T15:57:29","modified_gmt":"2023-05-14T15:57:29","slug":"finanzierung","status":"publish","type":"page","link":"https:\/\/www.muzi-berlin.de\/de\/finanzierung\/","title":{"rendered":"Finanzierung"},"content":{"rendered":"\t\t<div data-elementor-type=\"wp-page\" data-elementor-id=\"19486\" class=\"elementor elementor-19486\" data-elementor-post-type=\"page\">\n\t\t\t\t\t\t\t<div class=\"elementor-element elementor-element-252973d e-flex e-con-boxed e-con\" data-id=\"252973d\" data-element_type=\"container\" data-settings=\"{&quot;content_width&quot;:&quot;boxed&quot;}\">\n\t\t\t\t\t<div class=\"e-con-inner\">\n\t\t\t\t<div class=\"elementor-element elementor-element-87cfa1a elementor-widget elementor-widget-heading\" data-id=\"87cfa1a\" data-element_type=\"widget\" data-widget_type=\"heading.default\">\n\t\t\t\t<div class=\"elementor-widget-container\">\n\t\t\t<style>\/*! elementor - v3.15.0 - 20-08-2023 *\/\n.elementor-heading-title{padding:0;margin:0;line-height:1}.elementor-widget-heading .elementor-heading-title[class*=elementor-size-]>a{color:inherit;font-size:inherit;line-height:inherit}.elementor-widget-heading .elementor-heading-title.elementor-size-small{font-size:15px}.elementor-widget-heading .elementor-heading-title.elementor-size-medium{font-size:19px}.elementor-widget-heading .elementor-heading-title.elementor-size-large{font-size:29px}.elementor-widget-heading .elementor-heading-title.elementor-size-xl{font-size:39px}.elementor-widget-heading .elementor-heading-title.elementor-size-xxl{font-size:59px}<\/style><h2 class=\"elementor-heading-title elementor-size-default\">Finanzierung<\/h2>\t\t<\/div>\n\t\t\t\t<\/div>\n\t\t\t\t<div class=\"elementor-element elementor-element-27326de elementor-widget elementor-widget-heading\" data-id=\"27326de\" data-element_type=\"widget\" data-widget_type=\"heading.default\">\n\t\t\t\t<div class=\"elementor-widget-container\">\n\t\t\t<h2 class=\"elementor-heading-title elementor-size-default\">Immobilien- und Baufinanzierung ist Vertrauenssache!<\/h2>\t\t<\/div>\n\t\t\t\t<\/div>\n\t\t\t\t<div class=\"elementor-element elementor-element-65a2273 elementor-widget elementor-widget-text-editor\" data-id=\"65a2273\" data-element_type=\"widget\" data-widget_type=\"text-editor.default\">\n\t\t\t\t<div class=\"elementor-widget-container\">\n\t\t\t<style>\/*! elementor - v3.15.0 - 20-08-2023 *\/\n.elementor-widget-text-editor.elementor-drop-cap-view-stacked .elementor-drop-cap{background-color:#69727d;color:#fff}.elementor-widget-text-editor.elementor-drop-cap-view-framed .elementor-drop-cap{color:#69727d;border:3px solid;background-color:transparent}.elementor-widget-text-editor:not(.elementor-drop-cap-view-default) .elementor-drop-cap{margin-top:8px}.elementor-widget-text-editor:not(.elementor-drop-cap-view-default) .elementor-drop-cap-letter{width:1em;height:1em}.elementor-widget-text-editor .elementor-drop-cap{float:left;text-align:center;line-height:1;font-size:50px}.elementor-widget-text-editor .elementor-drop-cap-letter{display:inline-block}<\/style>\t\t\t\t<p>F\u00fcr uns ist eine gute Finanzierungsberatung \u2026<br \/>\u2026 mehr als eine g\u00fcnstige Zins-Kondition!<\/p><p>Der Erwerb einer Immobilie ist f\u00fcr die meisten Kunden eine gro\u00dfe und wichtige Investition. Entsprechend viele Fragen wirft eine Finanzierung oder Umschuldung auf.<\/p>\t\t\t\t\t\t<\/div>\n\t\t\t\t<\/div>\n\t\t\t\t\t<\/div>\n\t\t\t\t<\/div>\n\t\t<div class=\"elementor-element elementor-element-7b4c559 e-con-full e-flex e-con\" data-id=\"7b4c559\" data-element_type=\"container\" data-settings=\"{&quot;content_width&quot;:&quot;full&quot;}\">\n\t\t<div class=\"elementor-element elementor-element-82f6ffa e-con-full e-flex e-con\" data-id=\"82f6ffa\" data-element_type=\"container\" data-settings=\"{&quot;content_width&quot;:&quot;full&quot;}\">\n\t\t\t\t<div class=\"elementor-element elementor-element-cb8d735 elementor-widget elementor-widget-image\" data-id=\"cb8d735\" data-element_type=\"widget\" data-widget_type=\"image.default\">\n\t\t\t\t<div class=\"elementor-widget-container\">\n\t\t\t<style>\/*! elementor - v3.15.0 - 20-08-2023 *\/\n.elementor-widget-image{text-align:center}.elementor-widget-image a{display:inline-block}.elementor-widget-image a img[src$=\".svg\"]{width:48px}.elementor-widget-image img{vertical-align:middle;display:inline-block}<\/style>\t\t\t\t\t\t\t\t\t\t\t\t<img decoding=\"async\" src=\"https:\/\/www.muzi-berlin.de\/wp-content\/uploads\/elementor\/thumbs\/Bildschirm\u00adfoto-2023-04-04-um-15.10.05-qbd08mzoa3bww7hb71xp74l1g4nnimhqs6tjzae0uo.png\" title=\"Bildschirm\u00adfoto 2023-04-04 um 15.10.05\" alt=\"Bildschirm\u00adfoto 2023-04-04 um 15.10.05\" loading=\"lazy\" \/>\t\t\t\t\t\t\t\t\t\t\t\t\t\t\t<\/div>\n\t\t\t\t<\/div>\n\t\t\t\t<\/div>\n\t\t<div class=\"elementor-element elementor-element-3a1075b e-con-full e-flex e-con\" data-id=\"3a1075b\" data-element_type=\"container\" data-settings=\"{&quot;content_width&quot;:&quot;full&quot;}\">\n\t\t\t\t<div class=\"elementor-element elementor-element-8ff7b87 elementor-widget elementor-widget-text-editor\" data-id=\"8ff7b87\" data-element_type=\"widget\" data-widget_type=\"text-editor.default\">\n\t\t\t\t<div class=\"elementor-widget-container\">\n\t\t\t\t\t\t\t<p>Wir beraten Sie schnell, bequem und kostenfrei. Gut, wenn man daf\u00fcr einen langj\u00e4hrigen Spezialisten an seiner Seite hat. Wir analysieren Ihre Lebenssituation und Ihre W\u00fcnsche ausf\u00fchrlich. Gemeinsam mit Ihnen erstellen wir ein auf Sie individuell abgestimmtes Finanzierungskonzept und pr\u00fcfen dabei auch alle F\u00f6rderm\u00f6glichkeiten.<\/p><p>Als Unabh\u00e4ngiger Makler k\u00f6nnen wir auf die Angebote von <strong>mehr als 120 Banken &amp; Sparkassen<\/strong> zugreifen und so eine ma\u00dfgeschneiderte Finanzierung und <strong>attraktive Konditionen<\/strong> f\u00fcr Sie finden.<\/p><p>Wir bieten Ihnen als unabh\u00e4ngiger Finanzierungsvermittler, in Kooperation mit namhaften Kreditinstituten und Finanzierungspartnern, eine auf Ihre Bed\u00fcrfnisse individuell zugeschnittene Immobilienfinanzierung:<\/p><ul><li>Neufinanzierung<\/li><li>Anschlussfinanzierung<\/li><li>Forward-Darlehen<\/li><li>Umschuldung<\/li><\/ul><p>Unsere langj\u00e4hrigen und erfahrenen Mitarbeiter der Finanzierungsabteilung, beraten Sie gerne pers\u00f6nlich in unseren R\u00e4umen oder auch ganz bequem bei Ihnen zu Hause.<\/p><p>Stellen Sie noch heute Ihre unverbindliche Finanzierungsanfrage oder vereinbaren Sie einen unverbindlichen Beratungstermin.<\/p><p>Ihr Muzi-Berlin Team<br \/>MUZI-BERLIN IMMOBILIEN &amp; FINANZDIENST e.K.- seit 1992<\/p>\t\t\t\t\t\t<\/div>\n\t\t\t\t<\/div>\n\t\t\t\t<\/div>\n\t\t\t\t<\/div>\n\t\t<div class=\"elementor-element elementor-element-a4be2f6 e-flex e-con-boxed e-con\" data-id=\"a4be2f6\" data-element_type=\"container\" data-settings=\"{&quot;content_width&quot;:&quot;boxed&quot;}\">\n\t\t\t\t\t<div class=\"e-con-inner\">\n\t\t\t\t<div class=\"elementor-element elementor-element-b93bc6f elementor-button-align-center elementor-widget elementor-widget-WpResidence_Contact_Form_Builder\" data-id=\"b93bc6f\" data-element_type=\"widget\" data-widget_type=\"WpResidence_Contact_Form_Builder.default\">\n\t\t\t\t<div class=\"elementor-widget-container\">\n\t\t\t\n\n\n\n\n        <form class=\"elementor-form wpresidence_elementor_form\"  id=\"wpresidence-elementor-form-b93bc6f\" method=\"post\" >\n            <div class=\"alert-box error\">\n                <div class=\"alert-message\" id=\"alert-agent-contact\"><\/div>\n            <\/div>\n            <input name=\"prop_id\" type=\"hidden\"  id=\"agent_property_id\" value=\"\">\n            <input name=\"prop_id\" type=\"hidden\"  id=\"agent_id\" value=\"\">\n            <input name=\"prop_id\" type=\"hidden\"  id=\"contact_form_elementor\" value=\"1\">\n            <input type=\"hidden\" name=\"contact_ajax_nonce\" id=\"agent_property_ajax_nonce\"  value=\"cebb581c8c\" \/>\n\n            \n            \n            <input type=\"hidden\" id=\"wpresidence_form_id\" name=\"wpresidence_form_id\" value=\"WP Finanzierung\" \/>\n        \n            <input type=\"hidden\" id=\"elementor_email_subject\" name=\"email_suject\" value=\"Neue E-Mail bez\u00fcglich Finanzierung - Muzi Berlin Immobilien\" \/>\n\n\n            <div class=\"elementor-form-fields-wrapper elementor-labels-above\">\n        <div class=\"elementor-field-group elementor-column form-group elementor-field-group-name elementor-field-required elementor-col-75\"><label for=\"form-field-name\" class=\"elementor-field-label elementor-screen-only\">Name*<\/label><input type=\"text\" name=\"name\" id=\"form-field-name\" class=\"elementor-field form-control elementor-size-md elementor-field-textual\" required=\"required\" placeholder=\"Name \"><\/div><div class=\"elementor-field-group elementor-column form-group elementor-field-group-email elementor-field-required elementor-col-75\"><label for=\"form-field-email\" class=\"elementor-field-label elementor-screen-only\">Ihre beste E-Mail Adresse*<\/label><input type=\"email\" name=\"email\" id=\"form-field-email\" class=\"elementor-field form-control elementor-size-md elementor-field-textual\" required=\"required\" placeholder=\"Ihre beste E-Mail Adresse\"><\/div><div class=\"elementor-field-group elementor-column form-group elementor-field-group-message elementor-field-required elementor-col-75\"><label for=\"form-field-message\" class=\"elementor-field-label elementor-screen-only\">Nachricht*<\/label><textarea class=\"form-control elementor-field-textual elementor-field elementor-size-md\" name=\"message\" id=\"form-field-message\" rows=\"3\" required=\"required\" placeholder=\"Nachricht\"><\/textarea><\/div>\n                <div class=\"elementor-field-group elementor-column elementor-field-type-submit elementor-col-50\">\n        <div class=\"gpr_wrapper\"><input type=\"checkbox\"  role=\"checkbox\" aria-checked=\"false\" id=\"wpestate_agree_gdpr\" class=\"wpestate_agree_gdpr\" name=\"wpestate_agree_gdpr\" \/>\n                    <label for=\"wpestate_agree_gdpr\"><a target=\"_blank\" href=\"https:\/\/www.muzi-berlin.de\/de\/datenschutzerklaerung\/\">Ich habe die <a href=\"https:\/\/muzi-berlin.de\/datenschutzerklaerung\">Datenschutzerkl\u00e4rung<\/a> zur Kenntnis genommen. <\/a><\/label><\/div>\n\t\t\t\t\t\t\t\t\t\t\t\t                    <button type=\"submit\" class=\"agent_submit_class_elementor wpresidence_button wpresidence_button_elementor elementor-button elementor-size-md\">\n                    Senden                            <\/button>\n\n                <\/div>\n            <\/div>\n\n\n\n        <\/form>\n\n\n\n\n        \t\t<\/div>\n\t\t\t\t<\/div>\n\t\t\t\t\t<\/div>\n\t\t\t\t<\/div>\n\t\t\t\t\t\t\t<\/div>\n\t\t","protected":false},"excerpt":{"rendered":"<p>Finanzierung Immobilien- und Baufinanzierung ist Vertrauenssache! F\u00fcr uns ist eine gute Finanzierungsberatung \u2026\u2026 mehr als eine g\u00fcnstige Zins-Kondition! Der Erwerb einer Immobilie ist f\u00fcr die meisten Kunden eine gro\u00dfe und wichtige Investition. Entsprechend viele Fragen wirft eine Finanzierung oder Umschuldung auf. Wir beraten Sie schnell, bequem und kostenfrei. Gut, wenn man daf\u00fcr einen langj\u00e4hrigen Spezialisten an seiner Seite hat. Wir analysieren Ihre Lebenssituation und &#8230;<\/p>\n","protected":false},"author":1,"featured_media":0,"parent":0,"menu_order":0,"comment_status":"closed","ping_status":"closed","template":"","meta":{"footnotes":""},"class_list":["post-19486","page","type-page","status-publish","hentry"],"acf":[],"yoast_head":"<!-- This site is optimized with the Yoast SEO plugin v21.1 - https:\/\/yoast.com\/wordpress\/plugins\/seo\/ -->\n<title>Finanzierung - Muzi Berlin Immobilien &amp; Finanzdienst e.K.<\/title>\n<meta name=\"robots\" content=\"index, follow, max-snippet:-1, max-image-preview:large, max-video-preview:-1\" \/>\n<link rel=\"canonical\" href=\"https:\/\/www.muzi-berlin.de\/de\/finanzierung\/\" \/>\n<meta property=\"og:locale\" content=\"de_DE\" \/>\n<meta property=\"og:type\" content=\"article\" \/>\n<meta property=\"og:title\" content=\"Finanzierung - Muzi Berlin Immobilien &amp; Finanzdienst e.K.\" \/>\n<meta property=\"og:description\" content=\"Finanzierung Immobilien- und Baufinanzierung ist Vertrauenssache! F\u00fcr uns ist eine gute Finanzierungsberatung \u2026\u2026 mehr als eine g\u00fcnstige Zins-Kondition! Der Erwerb einer Immobilie ist f\u00fcr die meisten Kunden eine gro\u00dfe und wichtige Investition. Entsprechend viele Fragen wirft eine Finanzierung oder Umschuldung auf. Wir beraten Sie schnell, bequem und kostenfrei. Gut, wenn man daf\u00fcr einen langj\u00e4hrigen Spezialisten an seiner Seite hat. Wir analysieren Ihre Lebenssituation und ...\" \/>\n<meta property=\"og:url\" content=\"https:\/\/www.muzi-berlin.de\/de\/finanzierung\/\" \/>\n<meta property=\"og:site_name\" content=\"Muzi Berlin Immobilien &amp; Finanzdienst e.K.\" \/>\n<meta property=\"article:modified_time\" content=\"2023-05-14T15:57:29+00:00\" \/>\n<meta name=\"twitter:card\" content=\"summary_large_image\" \/>\n<meta name=\"twitter:label1\" content=\"Gesch\u00e4tzte Lesezeit\" \/>\n\t<meta name=\"twitter:data1\" content=\"1\u00a0Minute\" \/>\n<script type=\"application\/ld+json\" class=\"yoast-schema-graph\">{\"@context\":\"https:\/\/schema.org\",\"@graph\":[{\"@type\":\"WebPage\",\"@id\":\"https:\/\/www.muzi-berlin.de\/de\/finanzierung\/\",\"url\":\"https:\/\/www.muzi-berlin.de\/de\/finanzierung\/\",\"name\":\"Finanzierung - Muzi Berlin Immobilien &amp; Finanzdienst e.K.\",\"isPartOf\":{\"@id\":\"https:\/\/www.muzi-berlin.de\/de\/#website\"},\"datePublished\":\"2023-03-20T13:10:50+00:00\",\"dateModified\":\"2023-05-14T15:57:29+00:00\",\"breadcrumb\":{\"@id\":\"https:\/\/www.muzi-berlin.de\/de\/finanzierung\/#breadcrumb\"},\"inLanguage\":\"de\",\"potentialAction\":[{\"@type\":\"ReadAction\",\"target\":[\"https:\/\/www.muzi-berlin.de\/de\/finanzierung\/\"]}]},{\"@type\":\"BreadcrumbList\",\"@id\":\"https:\/\/www.muzi-berlin.de\/de\/finanzierung\/#breadcrumb\",\"itemListElement\":[{\"@type\":\"ListItem\",\"position\":1,\"name\":\"Startseite\",\"item\":\"https:\/\/www.muzi-berlin.de\/de\/\"},{\"@type\":\"ListItem\",\"position\":2,\"name\":\"Finanzierung\"}]},{\"@type\":\"WebSite\",\"@id\":\"https:\/\/www.muzi-berlin.de\/de\/#website\",\"url\":\"https:\/\/www.muzi-berlin.de\/de\/\",\"name\":\"Muzi - Berlin Immobilien & Finanzdienst e.K.\",\"description\":\"\",\"publisher\":{\"@id\":\"https:\/\/www.muzi-berlin.de\/de\/#organization\"},\"potentialAction\":[{\"@type\":\"SearchAction\",\"target\":{\"@type\":\"EntryPoint\",\"urlTemplate\":\"https:\/\/www.muzi-berlin.de\/de\/?s={search_term_string}\"},\"query-input\":\"required name=search_term_string\"}],\"inLanguage\":\"de\"},{\"@type\":\"Organization\",\"@id\":\"https:\/\/www.muzi-berlin.de\/de\/#organization\",\"name\":\"Muzi - Berlin Immobilien & Finanzdienst e.K.\",\"url\":\"https:\/\/www.muzi-berlin.de\/de\/\",\"logo\":{\"@type\":\"ImageObject\",\"inLanguage\":\"de\",\"@id\":\"https:\/\/www.muzi-berlin.de\/de\/#\/schema\/logo\/image\/\",\"url\":\"https:\/\/www.muzi-berlin.de\/wp-content\/uploads\/2023\/08\/465MBuberarbeitet-1-scaled.jpg\",\"contentUrl\":\"https:\/\/www.muzi-berlin.de\/wp-content\/uploads\/2023\/08\/465MBuberarbeitet-1-scaled.jpg\",\"width\":2560,\"height\":792,\"caption\":\"Muzi - Berlin Immobilien & Finanzdienst e.K.\"},\"image\":{\"@id\":\"https:\/\/www.muzi-berlin.de\/de\/#\/schema\/logo\/image\/\"}}]}<\/script>\n<!-- \/ Yoast SEO plugin. -->","yoast_head_json":{"title":"Finanzierung - Muzi Berlin Immobilien &amp; Finanzdienst e.K.","robots":{"index":"index","follow":"follow","max-snippet":"max-snippet:-1","max-image-preview":"max-image-preview:large","max-video-preview":"max-video-preview:-1"},"canonical":"https:\/\/www.muzi-berlin.de\/de\/finanzierung\/","og_locale":"de_DE","og_type":"article","og_title":"Finanzierung - Muzi Berlin Immobilien &amp; Finanzdienst e.K.","og_description":"Finanzierung Immobilien- und Baufinanzierung ist Vertrauenssache! F\u00fcr uns ist eine gute Finanzierungsberatung \u2026\u2026 mehr als eine g\u00fcnstige Zins-Kondition! Der Erwerb einer Immobilie ist f\u00fcr die meisten Kunden eine gro\u00dfe und wichtige Investition. Entsprechend viele Fragen wirft eine Finanzierung oder Umschuldung auf. Wir beraten Sie schnell, bequem und kostenfrei. Gut, wenn man daf\u00fcr einen langj\u00e4hrigen Spezialisten an seiner Seite hat. Wir analysieren Ihre Lebenssituation und ...","og_url":"https:\/\/www.muzi-berlin.de\/de\/finanzierung\/","og_site_name":"Muzi Berlin Immobilien &amp; Finanzdienst e.K.","article_modified_time":"2023-05-14T15:57:29+00:00","twitter_card":"summary_large_image","twitter_misc":{"Gesch\u00e4tzte Lesezeit":"1\u00a0Minute"},"schema":{"@context":"https:\/\/schema.org","@graph":[{"@type":"WebPage","@id":"https:\/\/www.muzi-berlin.de\/de\/finanzierung\/","url":"https:\/\/www.muzi-berlin.de\/de\/finanzierung\/","name":"Finanzierung - Muzi Berlin Immobilien &amp; Finanzdienst e.K.","isPartOf":{"@id":"https:\/\/www.muzi-berlin.de\/de\/#website"},"datePublished":"2023-03-20T13:10:50+00:00","dateModified":"2023-05-14T15:57:29+00:00","breadcrumb":{"@id":"https:\/\/www.muzi-berlin.de\/de\/finanzierung\/#breadcrumb"},"inLanguage":"de","potentialAction":[{"@type":"ReadAction","target":["https:\/\/www.muzi-berlin.de\/de\/finanzierung\/"]}]},{"@type":"BreadcrumbList","@id":"https:\/\/www.muzi-berlin.de\/de\/finanzierung\/#breadcrumb","itemListElement":[{"@type":"ListItem","position":1,"name":"Startseite","item":"https:\/\/www.muzi-berlin.de\/de\/"},{"@type":"ListItem","position":2,"name":"Finanzierung"}]},{"@type":"WebSite","@id":"https:\/\/www.muzi-berlin.de\/de\/#website","url":"https:\/\/www.muzi-berlin.de\/de\/","name":"Muzi - Berlin Immobilien & Finanzdienst e.K.","description":"","publisher":{"@id":"https:\/\/www.muzi-berlin.de\/de\/#organization"},"potentialAction":[{"@type":"SearchAction","target":{"@type":"EntryPoint","urlTemplate":"https:\/\/www.muzi-berlin.de\/de\/?s={search_term_string}"},"query-input":"required name=search_term_string"}],"inLanguage":"de"},{"@type":"Organization","@id":"https:\/\/www.muzi-berlin.de\/de\/#organization","name":"Muzi - Berlin Immobilien & Finanzdienst e.K.","url":"https:\/\/www.muzi-berlin.de\/de\/","logo":{"@type":"ImageObject","inLanguage":"de","@id":"https:\/\/www.muzi-berlin.de\/de\/#\/schema\/logo\/image\/","url":"https:\/\/www.muzi-berlin.de\/wp-content\/uploads\/2023\/08\/465MBuberarbeitet-1-scaled.jpg","contentUrl":"https:\/\/www.muzi-berlin.de\/wp-content\/uploads\/2023\/08\/465MBuberarbeitet-1-scaled.jpg","width":2560,"height":792,"caption":"Muzi - Berlin Immobilien & Finanzdienst e.K."},"image":{"@id":"https:\/\/www.muzi-berlin.de\/de\/#\/schema\/logo\/image\/"}}]}},"_links":{"self":[{"href":"https:\/\/www.muzi-berlin.de\/de\/wp-json\/wp\/v2\/pages\/19486","targetHints":{"allow":["GET"]}}],"collection":[{"href":"https:\/\/www.muzi-berlin.de\/de\/wp-json\/wp\/v2\/pages"}],"about":[{"href":"https:\/\/www.muzi-berlin.de\/de\/wp-json\/wp\/v2\/types\/page"}],"author":[{"embeddable":true,"href":"https:\/\/www.muzi-berlin.de\/de\/wp-json\/wp\/v2\/users\/1"}],"replies":[{"embeddable":true,"href":"https:\/\/www.muzi-berlin.de\/de\/wp-json\/wp\/v2\/comments?post=19486"}],"version-history":[{"count":0,"href":"https:\/\/www.muzi-berlin.de\/de\/wp-json\/wp\/v2\/pages\/19486\/revisions"}],"wp:attachment":[{"href":"https:\/\/www.muzi-berlin.de\/de\/wp-json\/wp\/v2\/media?parent=19486"}],"curies":[{"name":"wp","href":"https:\/\/api.w.org\/{rel}","templated":true}]}}