{"id":21213,"date":"2023-04-14T14:26:32","date_gmt":"2023-04-14T14:26:32","guid":{"rendered":"https:\/\/agnamana.de\/?page_id=21213"},"modified":"2023-06-29T10:54:07","modified_gmt":"2023-06-29T10:54:07","slug":"suchagent","status":"publish","type":"page","link":"https:\/\/www.muzi-berlin.de\/de\/suchagent\/","title":{"rendered":"Suchagent"},"content":{"rendered":"\t\t<div data-elementor-type=\"wp-page\" data-elementor-id=\"21213\" class=\"elementor elementor-21213\" data-elementor-post-type=\"page\">\n\t\t\t\t\t\t\t<div class=\"elementor-element elementor-element-f77c0dc e-flex e-con-boxed e-con\" data-id=\"f77c0dc\" data-element_type=\"container\" data-settings=\"{&quot;content_width&quot;:&quot;boxed&quot;}\">\n\t\t\t\t\t<div class=\"e-con-inner\">\n\t\t\t\t<div class=\"elementor-element elementor-element-aa464ad elementor-widget elementor-widget-heading\" data-id=\"aa464ad\" data-element_type=\"widget\" data-widget_type=\"heading.default\">\n\t\t\t\t<div class=\"elementor-widget-container\">\n\t\t\t<style>\/*! elementor - v3.15.0 - 20-08-2023 *\/\n.elementor-heading-title{padding:0;margin:0;line-height:1}.elementor-widget-heading .elementor-heading-title[class*=elementor-size-]>a{color:inherit;font-size:inherit;line-height:inherit}.elementor-widget-heading .elementor-heading-title.elementor-size-small{font-size:15px}.elementor-widget-heading .elementor-heading-title.elementor-size-medium{font-size:19px}.elementor-widget-heading .elementor-heading-title.elementor-size-large{font-size:29px}.elementor-widget-heading .elementor-heading-title.elementor-size-xl{font-size:39px}.elementor-widget-heading .elementor-heading-title.elementor-size-xxl{font-size:59px}<\/style><h2 class=\"elementor-heading-title elementor-size-default\">Unser Suchagent f\u00fcr Sie!<\/h2>\t\t<\/div>\n\t\t\t\t<\/div>\n\t\t\t\t\t<\/div>\n\t\t\t\t<\/div>\n\t\t<div class=\"elementor-element elementor-element-fe46de7 e-flex e-con-boxed e-con\" data-id=\"fe46de7\" data-element_type=\"container\" data-settings=\"{&quot;content_width&quot;:&quot;boxed&quot;}\">\n\t\t\t\t\t<div class=\"e-con-inner\">\n\t\t<div class=\"elementor-element elementor-element-54b7cef e-con-full e-flex e-con\" data-id=\"54b7cef\" data-element_type=\"container\" data-settings=\"{&quot;content_width&quot;:&quot;full&quot;}\">\n\t\t\t\t<div class=\"elementor-element elementor-element-f19f604 elementor-widget elementor-widget-image\" data-id=\"f19f604\" data-element_type=\"widget\" data-widget_type=\"image.default\">\n\t\t\t\t<div class=\"elementor-widget-container\">\n\t\t\t<style>\/*! elementor - v3.15.0 - 20-08-2023 *\/\n.elementor-widget-image{text-align:center}.elementor-widget-image a{display:inline-block}.elementor-widget-image a img[src$=\".svg\"]{width:48px}.elementor-widget-image img{vertical-align:middle;display:inline-block}<\/style>\t\t\t\t\t\t\t\t\t\t\t\t<img decoding=\"async\" src=\"https:\/\/www.muzi-berlin.de\/wp-content\/uploads\/2023\/04\/Bildschirm\u00adfoto-2023-04-14-um-16.28.50.png\" title=\"Bildschirm\u00adfoto 2023-04-14 um 16.28.50\" alt=\"Bildschirm\u00adfoto 2023-04-14 um 16.28.50\" loading=\"lazy\" \/>\t\t\t\t\t\t\t\t\t\t\t\t\t\t\t<\/div>\n\t\t\t\t<\/div>\n\t\t\t\t<div class=\"elementor-element elementor-element-f78d47a elementor-widget elementor-widget-text-editor\" data-id=\"f78d47a\" data-element_type=\"widget\" data-widget_type=\"text-editor.default\">\n\t\t\t\t<div class=\"elementor-widget-container\">\n\t\t\t<style>\/*! elementor - v3.15.0 - 20-08-2023 *\/\n.elementor-widget-text-editor.elementor-drop-cap-view-stacked .elementor-drop-cap{background-color:#69727d;color:#fff}.elementor-widget-text-editor.elementor-drop-cap-view-framed .elementor-drop-cap{color:#69727d;border:3px solid;background-color:transparent}.elementor-widget-text-editor:not(.elementor-drop-cap-view-default) .elementor-drop-cap{margin-top:8px}.elementor-widget-text-editor:not(.elementor-drop-cap-view-default) .elementor-drop-cap-letter{width:1em;height:1em}.elementor-widget-text-editor .elementor-drop-cap{float:left;text-align:center;line-height:1;font-size:50px}.elementor-widget-text-editor .elementor-drop-cap-letter{display:inline-block}<\/style>\t\t\t\t<p>\u00dcber den Suchagenten gehen wir auf die Suche nach der passenden Immobilie f\u00fcr Sie.<\/p><p>\u00a0<\/p><p><strong>Ihre Vorteile:<\/strong><\/p>\t\t\t\t\t\t<\/div>\n\t\t\t\t<\/div>\n\t\t\t\t<\/div>\n\t\t<div class=\"elementor-element elementor-element-b145fa0 e-con-full e-flex e-con\" data-id=\"b145fa0\" data-element_type=\"container\" data-settings=\"{&quot;content_width&quot;:&quot;full&quot;}\">\n\t\t\t\t<div class=\"elementor-element elementor-element-7318ba0 elementor-widget elementor-widget-text-editor\" data-id=\"7318ba0\" data-element_type=\"widget\" data-widget_type=\"text-editor.default\">\n\t\t\t\t<div class=\"elementor-widget-container\">\n\t\t\t\t\t\t\t<p>Sie sind auf der Suche nach einer Immobilie und haben heute nichts passendes bei uns gefunden?<\/p><p>Dann senden Sie uns bitte hier Ihren kostenlosen und unverbindlichen Suchagenten per Mail zu.<\/p><p>Wir bieten Ihnen vor Ver\u00f6ffentlichungen unsere aktuellen Angebote nach Ihren Suchparametern an und gehen dar\u00fcber hinaus f\u00fcr Sie gezielt auf die Suche, um das passende Objekt zu finden. <\/p><p>Dabei werden wir unsere <strong>Maklernetzwerke IVD\/RDM<\/strong> von unseren Kollegen tatkr\u00e4ftig einsetzen.<\/p>\t\t\t\t\t\t<\/div>\n\t\t\t\t<\/div>\n\t\t\t\t<\/div>\n\t\t\t\t\t<\/div>\n\t\t\t\t<\/div>\n\t\t<div class=\"elementor-element elementor-element-f3ddedd e-flex e-con-boxed e-con\" data-id=\"f3ddedd\" data-element_type=\"container\" data-settings=\"{&quot;content_width&quot;:&quot;boxed&quot;}\">\n\t\t\t\t\t<div class=\"e-con-inner\">\n\t\t\t\t<div class=\"elementor-element elementor-element-9f14e92 elementor-widget elementor-widget-text-editor\" data-id=\"9f14e92\" data-element_type=\"widget\" data-widget_type=\"text-editor.default\">\n\t\t\t\t<div class=\"elementor-widget-container\">\n\t\t\t\t\t\t\t<ul><li>kostenlos und unverbindlich f\u00fcr Sie<\/li><li>jederzeit abbestellbar<\/li><li>jederzeit ver\u00e4nderbar<\/li><li>automatische Benachrichtigung per E-Mail, wenn wir ein passendes Objekt f\u00fcr Sie haben<\/li><li>optimale Suche f\u00fcr die Traumimmobilie<\/li><li>fachkompetente Beratung und Begleitung<\/li><li>gezielte Objektsuche mit Objektpr\u00fcfung vorab f\u00fcr Sie<\/li><\/ul><p>\u00a0<\/p>\t\t\t\t\t\t<\/div>\n\t\t\t\t<\/div>\n\t\t\t\t\t<\/div>\n\t\t\t\t<\/div>\n\t\t<div class=\"elementor-element elementor-element-769d44d e-flex e-con-boxed e-con\" data-id=\"769d44d\" data-element_type=\"container\" data-settings=\"{&quot;content_width&quot;:&quot;boxed&quot;}\">\n\t\t\t\t\t<div class=\"e-con-inner\">\n\t\t\t\t<div class=\"elementor-element elementor-element-718cb2b elementor-widget elementor-widget-shortcode\" data-id=\"718cb2b\" data-element_type=\"widget\" data-widget_type=\"shortcode.default\">\n\t\t\t\t<div class=\"elementor-widget-container\">\n\t\t\t\t\t<div class=\"elementor-shortcode\">\n<div class=\"wpcf7 no-js\" id=\"wpcf7-f21302-o1\" lang=\"de-DE\" dir=\"ltr\">\n<div class=\"screen-reader-response\"><p role=\"status\" aria-live=\"polite\" aria-atomic=\"true\"><\/p> <ul><\/ul><\/div>\n<form action=\"\/de\/wp-json\/wp\/v2\/pages\/21213#wpcf7-f21302-o1\" method=\"post\" class=\"wpcf7-form init\" aria-label=\"Kontaktformular\" novalidate=\"novalidate\" data-status=\"init\">\n<div style=\"display: none;\">\n<input type=\"hidden\" name=\"_wpcf7\" value=\"21302\" \/>\n<input type=\"hidden\" name=\"_wpcf7_version\" value=\"5.8\" \/>\n<input type=\"hidden\" name=\"_wpcf7_locale\" value=\"de_DE\" \/>\n<input type=\"hidden\" name=\"_wpcf7_unit_tag\" value=\"wpcf7-f21302-o1\" \/>\n<input type=\"hidden\" name=\"_wpcf7_container_post\" value=\"0\" \/>\n<input type=\"hidden\" name=\"_wpcf7_posted_data_hash\" value=\"\" \/>\n<input type=\"hidden\" name=\"_wpcf7_recaptcha_response\" value=\"\" \/>\n<\/div>\n<style>\n .cf7-field {\n margin-bottom: 1rem;\n }\n .cf7-field label {\n display: block;\n margin-bottom: .5rem;\n }\n .cf7-field input,\n .cf7-field select,\n .cf7-field textarea {\n width: 100%;\n padding: .5rem;\n }\n<\/style>\n<fieldset>\n\t<legend>Gew\u00fcnschte Objektdaten\n\t<\/legend>\n\t<div class=\"row\">\n\t\t<div class=\"large-6 columns\">\n\t\t\t<div class=\"cf7-field\">\n\t\t\t\t<p><label for=\"Lage\">Lage<\/label><br \/>\n<span class=\"wpcf7-form-control-wrap\" data-name=\"Lage\"><input size=\"40\" class=\"wpcf7-form-control wpcf7-text\" id=\"Lage\" aria-invalid=\"false\" value=\"\" type=\"text\" name=\"Lage\" \/><\/span>\n\t\t\t\t<\/p>\n\t\t\t<\/div>\n\t\t\t<div class=\"cf7-field\">\n\t\t\t\t<p>Art\n\t\t\t\t<\/p>\n\t\t\t\t<p><span class=\"wpcf7-form-control-wrap\" data-name=\"Art\"><select class=\"wpcf7-form-control wpcf7-select\" aria-invalid=\"false\" name=\"Art\"><option value=\"Wohnung\">Wohnung<\/option><option value=\"Einfamilienhaus\">Einfamilienhaus<\/option><option value=\"Doppelhaush\u00e4lfte\">Doppelhaush\u00e4lfte<\/option><option value=\"Reihenhaus\">Reihenhaus<\/option><option value=\"Mehrfamilienhaus\">Mehrfamilienhaus<\/option><option value=\"Villa\">Villa<\/option><option value=\"Grundst\u00fcck\">Grundst\u00fcck<\/option><option value=\"Gewerbe\">Gewerbe<\/option><option value=\"Investment\">Investment<\/option><option value=\"Vertrieb\">Vertrieb<\/option><\/select><\/span>\n\t\t\t\t<\/p>\n\t\t\t<\/div>\n\t\t\t<div class=\"cf7-field\">\n\t\t\t\t<p>Zweck\n\t\t\t\t<\/p>\n\t\t\t\t<p><span class=\"wpcf7-form-control-wrap\" data-name=\"Zweck\"><select class=\"wpcf7-form-control wpcf7-select\" aria-invalid=\"false\" name=\"Zweck\"><option value=\"Verkauf\">Verkauf<\/option><option value=\"Vermietung\">Vermietung<\/option><\/select><\/span>\n\t\t\t\t<\/p>\n\t\t\t<\/div>\n\t\t\t<div class=\"cf7-field\">\n\t\t\t\t<p>Verwendung z. B. Laden, Praxis, B\u00fcro\n\t\t\t\t<\/p>\n\t\t\t\t<p><span class=\"wpcf7-form-control-wrap\" data-name=\"Verwendung\"><input size=\"40\" class=\"wpcf7-form-control wpcf7-text\" aria-invalid=\"false\" value=\"\" type=\"text\" name=\"Verwendung\" \/><\/span>\n\t\t\t\t<\/p>\n\t\t\t<\/div>\n\t\t<\/div>\n\t\t<div class=\"large-6 columns\">\n\t\t\t<div class=\"cf7-field\">\n\t\t\t\t<p><label for=\"Groesse\">Gr\u00f6sse in m\u00b2<\/label><br \/>\n<span class=\"wpcf7-form-control-wrap\" data-name=\"Groesse\"><input size=\"40\" class=\"wpcf7-form-control wpcf7-text\" id=\"Groesse\" aria-invalid=\"false\" value=\"\" type=\"text\" name=\"Groesse\" \/><\/span>\n\t\t\t\t<\/p>\n\t\t\t<\/div>\n\t\t\t<div class=\"cf7-field\">\n\t\t\t\t<p><label for=\"Zimmer\">Zimmer<\/label><br \/>\n<span class=\"wpcf7-form-control-wrap\" data-name=\"Zimmer\"><input size=\"40\" class=\"wpcf7-form-control wpcf7-text\" id=\"Zimmer\" aria-invalid=\"false\" value=\"\" type=\"text\" name=\"Zimmer\" \/><\/span>\n\t\t\t\t<\/p>\n\t\t\t<\/div>\n\t\t\t<div class=\"cf7-field\">\n\t\t\t\t<p><label for=\"Kaufpreis\">Maximaler Miet\/Kaufpreis<\/label><br \/>\n<span class=\"wpcf7-form-control-wrap\" data-name=\"Kaufpreis\"><input size=\"40\" class=\"wpcf7-form-control wpcf7-text\" id=\"Kaufpreis\" aria-invalid=\"false\" value=\"\" type=\"text\" name=\"Kaufpreis\" \/><\/span>\n\t\t\t\t<\/p>\n\t\t\t<\/div>\n\t\t<\/div>\n\t<\/div>\n\t<div class=\"cf7-field\">\n\t\t<p><label for=\"Ausstattung\">Ausstattung\/Beschreibung\/Sonstiges<\/label><br \/>\n<span class=\"wpcf7-form-control-wrap\" data-name=\"Ausstattung\"><textarea cols=\"40\" rows=\"10\" class=\"wpcf7-form-control wpcf7-textarea\" id=\"Ausstattung\" aria-invalid=\"false\" name=\"Ausstattung\"><\/textarea><\/span>\n\t\t<\/p>\n\t<\/div>\n<\/fieldset>\n<fieldset>\n\t<legend>Pers\u00f6nliche Daten zur Kontaktaufnahme\n\t<\/legend>\n\t<div class=\"row\">\n\t\t<div class=\"large-6 columns\">\n\t\t\t<div class=\"cf7-field\">\n\t\t\t\t<p><label for=\"Anrede\">Anrede<\/label>\n\t\t\t\t<\/p>\n\t\t\t\t<p>Anrede\n\t\t\t\t<\/p>\n\t\t\t\t<p><span class=\"wpcf7-form-control-wrap\" data-name=\"Anrede\"><span class=\"wpcf7-form-control wpcf7-radio\"><span class=\"wpcf7-list-item first\"><input type=\"radio\" name=\"Anrede\" value=\"Frau\" \/><span class=\"wpcf7-list-item-label\">Frau<\/span><\/span><span class=\"wpcf7-list-item\"><input type=\"radio\" name=\"Anrede\" value=\"Herr\" \/><span class=\"wpcf7-list-item-label\">Herr<\/span><\/span><span class=\"wpcf7-list-item last\"><input type=\"radio\" name=\"Anrede\" value=\"Firma\" \/><span class=\"wpcf7-list-item-label\">Firma<\/span><\/span><\/span><\/span>\n\t\t\t\t<\/p>\n\t\t\t<\/div>\n\t\t\t<div class=\"cf7-field\">\n\t\t\t\t<p><label for=\"Titel\">Titel<\/label><br \/>\n<span class=\"wpcf7-form-control-wrap\" data-name=\"Titel\"><input size=\"40\" class=\"wpcf7-form-control wpcf7-text\" id=\"Titel\" aria-invalid=\"false\" value=\"\" type=\"text\" name=\"Titel\" \/><\/span>\n\t\t\t\t<\/p>\n\t\t\t<\/div>\n\t\t\t<div class=\"cf7-field\">\n\t\t\t\t<p><label for=\"Vorname\">Vorname*<\/label><br \/>\n<span class=\"wpcf7-form-control-wrap\" data-name=\"Vorname\"><input size=\"40\" class=\"wpcf7-form-control wpcf7-text wpcf7-validates-as-required\" id=\"Vorname\" aria-required=\"true\" aria-invalid=\"false\" value=\"\" type=\"text\" name=\"Vorname\" \/><\/span>\n\t\t\t\t<\/p>\n\t\t\t<\/div>\n\t\t\t<div class=\"cf7-field\">\n\t\t\t\t<p><label for=\"Nachname\">Nachname*<\/label><br \/>\n<span class=\"wpcf7-form-control-wrap\" data-name=\"Nachname\"><input size=\"40\" class=\"wpcf7-form-control wpcf7-text wpcf7-validates-as-required\" id=\"Nachname\" aria-required=\"true\" aria-invalid=\"false\" value=\"\" type=\"text\" name=\"Nachname\" \/><\/span>\n\t\t\t\t<\/p>\n\t\t\t<\/div>\n\t\t\t<div classTeil 2:\n\n```html\n            class=\"cf7-field\">\n\t\t\t\t<p><label for=\"email\">E-Mail*<\/label><br \/>\n<span class=\"wpcf7-form-control-wrap\" data-name=\"email\"><input size=\"40\" class=\"wpcf7-form-control wpcf7-email wpcf7-validates-as-required wpcf7-text wpcf7-validates-as-email\" id=\"email\" aria-required=\"true\" aria-invalid=\"false\" value=\"\" type=\"email\" name=\"email\" \/><\/span>\n\t\t\t\t<\/p>\n\t\t\t<\/div>\n\t\t\t<div class=\"cf7-field\">\n\t\t\t\t<p><label for=\"tel-gesch\">Telefon* (gesch\u00e4ftlich)<\/label><br \/>\n<span class=\"wpcf7-form-control-wrap\" data-name=\"tel-gesch\"><input size=\"40\" class=\"wpcf7-form-control wpcf7-tel wpcf7-validates-as-required wpcf7-text wpcf7-validates-as-tel\" id=\"tel-gesch\" aria-required=\"true\" aria-invalid=\"false\" value=\"\" type=\"tel\" name=\"tel-gesch\" \/><\/span>\n\t\t\t\t<\/p>\n\t\t\t<\/div>\n\t\t<\/div>\n\t\t<div class=\"large-6 columns\">\n\t\t\t<div class=\"cf7-field\">\n\t\t\t\t<p><label for=\"tel-privat\">Telefon (privat)<\/label><br \/>\n<span class=\"wpcf7-form-control-wrap\" data-name=\"tel-privat\"><input size=\"40\" class=\"wpcf7-form-control wpcf7-tel wpcf7-text wpcf7-validates-as-tel\" id=\"tel-privat\" aria-invalid=\"false\" value=\"\" type=\"tel\" name=\"tel-privat\" \/><\/span>\n\t\t\t\t<\/p>\n\t\t\t<\/div>\n\t\t\t<div class=\"cf7-field\">\n\t\t\t\t<p><label for=\"mobiltelefon\">Mobiltelefon<\/label><br \/>\n<span class=\"wpcf7-form-control-wrap\" data-name=\"mobiltelefon\"><input size=\"40\" class=\"wpcf7-form-control wpcf7-tel wpcf7-text wpcf7-validates-as-tel\" id=\"mobiltelefon\" aria-invalid=\"false\" value=\"\" type=\"tel\" name=\"mobiltelefon\" \/><\/span>\n\t\t\t\t<\/p>\n\t\t\t<\/div>\n\t\t\t<div class=\"cf7-field\">\n\t\t\t\t<p><label for=\"Strasse\">Stra\u00dfe*<\/label><br \/>\n<span class=\"wpcf7-form-control-wrap\" data-name=\"Strasse\"><input size=\"40\" class=\"wpcf7-form-control wpcf7-text wpcf7-validates-as-required\" id=\"Strasse\" aria-required=\"true\" aria-invalid=\"false\" value=\"\" type=\"text\" name=\"Strasse\" \/><\/span>\n\t\t\t\t<\/p>\n\t\t\t<\/div>\n\t\t\t<div class=\"cf7-field\">\n\t\t\t\t<p><label for=\"Postleitzahl\">Postleitzahl*<\/label><br \/>\n<span class=\"wpcf7-form-control-wrap\" data-name=\"Postleitzahl\"><input size=\"40\" class=\"wpcf7-form-control wpcf7-text wpcf7-validates-as-required\" id=\"Postleitzahl\" aria-required=\"true\" aria-invalid=\"false\" value=\"\" type=\"text\" name=\"Postleitzahl\" \/><\/span>\n\t\t\t\t<\/p>\n\t\t\t<\/div>\n\t\t\t<div class=\"cf7-field\">\n\t\t\t\t<p><label for=\"Ort\">Ort*<\/label><br \/>\n<span class=\"wpcf7-form-control-wrap\" data-name=\"Ort\"><input size=\"40\" class=\"wpcf7-form-control wpcf7-text wpcf7-validates-as-required\" id=\"Ort\" aria-required=\"true\" aria-invalid=\"false\" value=\"\" type=\"text\" name=\"Ort\" \/><\/span>\n\t\t\t\t<\/p>\n\t\t\t<\/div>\n\t\t<\/div>\n\t<\/div>\n<\/fieldset>\n<div class=\"cf7-field\">\n\t<p>Ich habe die <a href=\"https:\/\/www.muzi-berlin.de\/datenschutz\/\" target=_blank>Datenschutzerkl\u00e4rung<\/a> gelesen und stimme der Verarbeitung meiner Daten zu (Pflichtfeld)\n\t<\/p>\n\t<p><span class=\"wpcf7-form-control-wrap\" data-name=\"datenschutz\"><span class=\"wpcf7-form-control wpcf7-acceptance\"><span class=\"wpcf7-list-item\"><input type=\"checkbox\" name=\"datenschutz\" value=\"1\" aria-invalid=\"false\" \/><\/span><\/span><\/span>\n\t<\/p>\n<\/div>\n<span class=\"wpcf7-form-control-wrap recaptcha\" data-name=\"recaptcha\"><span data-sitekey=\"6LdMaJ4rAAAAAE1mDBDa8DFRB_zahgCodSndwzPx\" class=\"wpcf7-form-control wpcf7-recaptcha g-recaptcha\"><\/span>\r\n<noscript>\r\n\t<div class=\"grecaptcha-noscript\">\r\n\t\t<iframe loading=\"lazy\" src=\"https:\/\/www.google.com\/recaptcha\/api\/fallback?k=6LdMaJ4rAAAAAE1mDBDa8DFRB_zahgCodSndwzPx\" frameborder=\"0\" scrolling=\"no\" width=\"310\" height=\"430\">\r\n\t\t<\/iframe>\r\n\t\t<textarea name=\"g-recaptcha-response\" rows=\"3\" cols=\"40\" placeholder=\"reCaptcha Response Here\">\r\n\t\t<\/textarea>\r\n\t<\/div>\r\n<\/noscript>\r\n<\/span>\n<p><input class=\"wpcf7-form-control wpcf7-submit has-spinner\" type=\"submit\" value=\"Senden\" \/>\n<\/p>\n<p>Sie erhalten an Ihre E-Mail eine Zusammenfassung Ihrer Anfrage. Das * kennzeichnet notwendige Angaben.\n<\/p><div class=\"wpcf7-response-output\" aria-hidden=\"true\"><\/div>\n<\/form>\n<\/div>\n<\/div>\n\t\t\t\t<\/div>\n\t\t\t\t<\/div>\n\t\t\t\t\t<\/div>\n\t\t\t\t<\/div>\n\t\t<div class=\"elementor-element elementor-element-1f81ebe e-flex e-con-boxed e-con\" data-id=\"1f81ebe\" data-element_type=\"container\" data-settings=\"{&quot;content_width&quot;:&quot;boxed&quot;}\">\n\t\t\t\t\t<div class=\"e-con-inner\">\n\t\t\t\t<div class=\"elementor-element elementor-element-3205efc elementor-widget elementor-widget-text-editor\" data-id=\"3205efc\" data-element_type=\"widget\" data-widget_type=\"text-editor.default\">\n\t\t\t\t<div class=\"elementor-widget-container\">\n\t\t\t\t\t\t\t<p>Sie erhalten an Ihre E-Mail eine Zusammenfassung Ihrer Anfrage. Das * kennzeichnet notwendige Angaben.<\/p>\t\t\t\t\t\t<\/div>\n\t\t\t\t<\/div>\n\t\t\t\t\t<\/div>\n\t\t\t\t<\/div>\n\t\t\t\t\t\t\t<\/div>\n\t\t","protected":false},"excerpt":{"rendered":"<p>Unser Suchagent f\u00fcr Sie! \u00dcber den Suchagenten gehen wir auf die Suche nach der passenden Immobilie f\u00fcr Sie. \u00a0 Ihre Vorteile: Sie sind auf der Suche nach einer Immobilie und haben heute nichts passendes bei uns gefunden? Dann senden Sie uns bitte hier Ihren kostenlosen und unverbindlichen Suchagenten per Mail zu. Wir bieten Ihnen vor Ver\u00f6ffentlichungen unsere aktuellen Angebote nach Ihren Suchparametern an und &#8230;<\/p>\n","protected":false},"author":1,"featured_media":0,"parent":0,"menu_order":0,"comment_status":"closed","ping_status":"closed","template":"","meta":{"footnotes":""},"class_list":["post-21213","page","type-page","status-publish","hentry"],"acf":[],"yoast_head":"<!-- This site is optimized with the Yoast SEO plugin v21.1 - https:\/\/yoast.com\/wordpress\/plugins\/seo\/ -->\n<title>Suchagent - Muzi Berlin Immobilien &amp; Finanzdienst e.K.<\/title>\n<meta name=\"robots\" content=\"index, follow, max-snippet:-1, max-image-preview:large, max-video-preview:-1\" \/>\n<link rel=\"canonical\" href=\"https:\/\/www.muzi-berlin.de\/de\/suchagent\/\" \/>\n<meta property=\"og:locale\" content=\"de_DE\" \/>\n<meta property=\"og:type\" content=\"article\" \/>\n<meta property=\"og:title\" content=\"Suchagent - Muzi Berlin Immobilien &amp; Finanzdienst e.K.\" \/>\n<meta property=\"og:description\" content=\"Unser Suchagent f\u00fcr Sie! \u00dcber den Suchagenten gehen wir auf die Suche nach der passenden Immobilie f\u00fcr Sie. \u00a0 Ihre Vorteile: Sie sind auf der Suche nach einer Immobilie und haben heute nichts passendes bei uns gefunden? Dann senden Sie uns bitte hier Ihren kostenlosen und unverbindlichen Suchagenten per Mail zu. Wir bieten Ihnen vor Ver\u00f6ffentlichungen unsere aktuellen Angebote nach Ihren Suchparametern an und ...\" \/>\n<meta property=\"og:url\" content=\"https:\/\/www.muzi-berlin.de\/de\/suchagent\/\" \/>\n<meta property=\"og:site_name\" content=\"Muzi Berlin Immobilien &amp; Finanzdienst e.K.\" \/>\n<meta property=\"article:modified_time\" content=\"2023-06-29T10:54:07+00:00\" \/>\n<meta name=\"twitter:card\" content=\"summary_large_image\" \/>\n<meta name=\"twitter:label1\" content=\"Gesch\u00e4tzte Lesezeit\" \/>\n\t<meta name=\"twitter:data1\" content=\"1\u00a0Minute\" \/>\n<script type=\"application\/ld+json\" class=\"yoast-schema-graph\">{\"@context\":\"https:\/\/schema.org\",\"@graph\":[{\"@type\":\"WebPage\",\"@id\":\"https:\/\/www.muzi-berlin.de\/de\/suchagent\/\",\"url\":\"https:\/\/www.muzi-berlin.de\/de\/suchagent\/\",\"name\":\"Suchagent - Muzi Berlin Immobilien &amp; Finanzdienst e.K.\",\"isPartOf\":{\"@id\":\"https:\/\/www.muzi-berlin.de\/de\/#website\"},\"datePublished\":\"2023-04-14T14:26:32+00:00\",\"dateModified\":\"2023-06-29T10:54:07+00:00\",\"breadcrumb\":{\"@id\":\"https:\/\/www.muzi-berlin.de\/de\/suchagent\/#breadcrumb\"},\"inLanguage\":\"de\",\"potentialAction\":[{\"@type\":\"ReadAction\",\"target\":[\"https:\/\/www.muzi-berlin.de\/de\/suchagent\/\"]}]},{\"@type\":\"BreadcrumbList\",\"@id\":\"https:\/\/www.muzi-berlin.de\/de\/suchagent\/#breadcrumb\",\"itemListElement\":[{\"@type\":\"ListItem\",\"position\":1,\"name\":\"Startseite\",\"item\":\"https:\/\/www.muzi-berlin.de\/de\/\"},{\"@type\":\"ListItem\",\"position\":2,\"name\":\"Suchagent\"}]},{\"@type\":\"WebSite\",\"@id\":\"https:\/\/www.muzi-berlin.de\/de\/#website\",\"url\":\"https:\/\/www.muzi-berlin.de\/de\/\",\"name\":\"Muzi - Berlin Immobilien & Finanzdienst e.K.\",\"description\":\"\",\"publisher\":{\"@id\":\"https:\/\/www.muzi-berlin.de\/de\/#organization\"},\"potentialAction\":[{\"@type\":\"SearchAction\",\"target\":{\"@type\":\"EntryPoint\",\"urlTemplate\":\"https:\/\/www.muzi-berlin.de\/de\/?s={search_term_string}\"},\"query-input\":\"required name=search_term_string\"}],\"inLanguage\":\"de\"},{\"@type\":\"Organization\",\"@id\":\"https:\/\/www.muzi-berlin.de\/de\/#organization\",\"name\":\"Muzi - Berlin Immobilien & Finanzdienst e.K.\",\"url\":\"https:\/\/www.muzi-berlin.de\/de\/\",\"logo\":{\"@type\":\"ImageObject\",\"inLanguage\":\"de\",\"@id\":\"https:\/\/www.muzi-berlin.de\/de\/#\/schema\/logo\/image\/\",\"url\":\"https:\/\/www.muzi-berlin.de\/wp-content\/uploads\/2023\/08\/465MBuberarbeitet-1-scaled.jpg\",\"contentUrl\":\"https:\/\/www.muzi-berlin.de\/wp-content\/uploads\/2023\/08\/465MBuberarbeitet-1-scaled.jpg\",\"width\":2560,\"height\":792,\"caption\":\"Muzi - Berlin Immobilien & Finanzdienst e.K.\"},\"image\":{\"@id\":\"https:\/\/www.muzi-berlin.de\/de\/#\/schema\/logo\/image\/\"}}]}<\/script>\n<!-- \/ Yoast SEO plugin. -->","yoast_head_json":{"title":"Suchagent - Muzi Berlin Immobilien &amp; Finanzdienst e.K.","robots":{"index":"index","follow":"follow","max-snippet":"max-snippet:-1","max-image-preview":"max-image-preview:large","max-video-preview":"max-video-preview:-1"},"canonical":"https:\/\/www.muzi-berlin.de\/de\/suchagent\/","og_locale":"de_DE","og_type":"article","og_title":"Suchagent - Muzi Berlin Immobilien &amp; Finanzdienst e.K.","og_description":"Unser Suchagent f\u00fcr Sie! \u00dcber den Suchagenten gehen wir auf die Suche nach der passenden Immobilie f\u00fcr Sie. \u00a0 Ihre Vorteile: Sie sind auf der Suche nach einer Immobilie und haben heute nichts passendes bei uns gefunden? Dann senden Sie uns bitte hier Ihren kostenlosen und unverbindlichen Suchagenten per Mail zu. Wir bieten Ihnen vor Ver\u00f6ffentlichungen unsere aktuellen Angebote nach Ihren Suchparametern an und ...","og_url":"https:\/\/www.muzi-berlin.de\/de\/suchagent\/","og_site_name":"Muzi Berlin Immobilien &amp; Finanzdienst e.K.","article_modified_time":"2023-06-29T10:54:07+00:00","twitter_card":"summary_large_image","twitter_misc":{"Gesch\u00e4tzte Lesezeit":"1\u00a0Minute"},"schema":{"@context":"https:\/\/schema.org","@graph":[{"@type":"WebPage","@id":"https:\/\/www.muzi-berlin.de\/de\/suchagent\/","url":"https:\/\/www.muzi-berlin.de\/de\/suchagent\/","name":"Suchagent - Muzi Berlin Immobilien &amp; Finanzdienst e.K.","isPartOf":{"@id":"https:\/\/www.muzi-berlin.de\/de\/#website"},"datePublished":"2023-04-14T14:26:32+00:00","dateModified":"2023-06-29T10:54:07+00:00","breadcrumb":{"@id":"https:\/\/www.muzi-berlin.de\/de\/suchagent\/#breadcrumb"},"inLanguage":"de","potentialAction":[{"@type":"ReadAction","target":["https:\/\/www.muzi-berlin.de\/de\/suchagent\/"]}]},{"@type":"BreadcrumbList","@id":"https:\/\/www.muzi-berlin.de\/de\/suchagent\/#breadcrumb","itemListElement":[{"@type":"ListItem","position":1,"name":"Startseite","item":"https:\/\/www.muzi-berlin.de\/de\/"},{"@type":"ListItem","position":2,"name":"Suchagent"}]},{"@type":"WebSite","@id":"https:\/\/www.muzi-berlin.de\/de\/#website","url":"https:\/\/www.muzi-berlin.de\/de\/","name":"Muzi - Berlin Immobilien & Finanzdienst e.K.","description":"","publisher":{"@id":"https:\/\/www.muzi-berlin.de\/de\/#organization"},"potentialAction":[{"@type":"SearchAction","target":{"@type":"EntryPoint","urlTemplate":"https:\/\/www.muzi-berlin.de\/de\/?s={search_term_string}"},"query-input":"required name=search_term_string"}],"inLanguage":"de"},{"@type":"Organization","@id":"https:\/\/www.muzi-berlin.de\/de\/#organization","name":"Muzi - Berlin Immobilien & Finanzdienst e.K.","url":"https:\/\/www.muzi-berlin.de\/de\/","logo":{"@type":"ImageObject","inLanguage":"de","@id":"https:\/\/www.muzi-berlin.de\/de\/#\/schema\/logo\/image\/","url":"https:\/\/www.muzi-berlin.de\/wp-content\/uploads\/2023\/08\/465MBuberarbeitet-1-scaled.jpg","contentUrl":"https:\/\/www.muzi-berlin.de\/wp-content\/uploads\/2023\/08\/465MBuberarbeitet-1-scaled.jpg","width":2560,"height":792,"caption":"Muzi - Berlin Immobilien & Finanzdienst e.K."},"image":{"@id":"https:\/\/www.muzi-berlin.de\/de\/#\/schema\/logo\/image\/"}}]}},"_links":{"self":[{"href":"https:\/\/www.muzi-berlin.de\/de\/wp-json\/wp\/v2\/pages\/21213","targetHints":{"allow":["GET"]}}],"collection":[{"href":"https:\/\/www.muzi-berlin.de\/de\/wp-json\/wp\/v2\/pages"}],"about":[{"href":"https:\/\/www.muzi-berlin.de\/de\/wp-json\/wp\/v2\/types\/page"}],"author":[{"embeddable":true,"href":"https:\/\/www.muzi-berlin.de\/de\/wp-json\/wp\/v2\/users\/1"}],"replies":[{"embeddable":true,"href":"https:\/\/www.muzi-berlin.de\/de\/wp-json\/wp\/v2\/comments?post=21213"}],"version-history":[{"count":0,"href":"https:\/\/www.muzi-berlin.de\/de\/wp-json\/wp\/v2\/pages\/21213\/revisions"}],"wp:attachment":[{"href":"https:\/\/www.muzi-berlin.de\/de\/wp-json\/wp\/v2\/media?parent=21213"}],"curies":[{"name":"wp","href":"https:\/\/api.w.org\/{rel}","templated":true}]}}