{"id":21267,"date":"2023-04-18T20:39:34","date_gmt":"2023-04-18T20:39:34","guid":{"rendered":"https:\/\/agnamana.de\/?page_id=21267"},"modified":"2023-04-18T20:55:36","modified_gmt":"2023-04-18T20:55:36","slug":"tippgeber","status":"publish","type":"page","link":"https:\/\/www.muzi-berlin.de\/de\/tippgeber\/","title":{"rendered":"Tippgeber"},"content":{"rendered":"\t\t<div data-elementor-type=\"wp-page\" data-elementor-id=\"21267\" class=\"elementor elementor-21267\" data-elementor-post-type=\"page\">\n\t\t\t\t\t\t\t<div class=\"elementor-element elementor-element-9598e6b e-flex e-con-boxed e-con\" data-id=\"9598e6b\" data-element_type=\"container\" data-settings=\"{&quot;content_width&quot;:&quot;boxed&quot;}\">\n\t\t\t\t\t<div class=\"e-con-inner\">\n\t\t\t\t<div class=\"elementor-element elementor-element-9ab0e9e elementor-widget elementor-widget-heading\" data-id=\"9ab0e9e\" data-element_type=\"widget\" data-widget_type=\"heading.default\">\n\t\t\t\t<div class=\"elementor-widget-container\">\n\t\t\t<style>\/*! elementor - v3.15.0 - 20-08-2023 *\/\n.elementor-heading-title{padding:0;margin:0;line-height:1}.elementor-widget-heading .elementor-heading-title[class*=elementor-size-]>a{color:inherit;font-size:inherit;line-height:inherit}.elementor-widget-heading .elementor-heading-title.elementor-size-small{font-size:15px}.elementor-widget-heading .elementor-heading-title.elementor-size-medium{font-size:19px}.elementor-widget-heading .elementor-heading-title.elementor-size-large{font-size:29px}.elementor-widget-heading .elementor-heading-title.elementor-size-xl{font-size:39px}.elementor-widget-heading .elementor-heading-title.elementor-size-xxl{font-size:59px}<\/style><h2 class=\"elementor-heading-title elementor-size-default\">Tippgeber<\/h2>\t\t<\/div>\n\t\t\t\t<\/div>\n\t\t\t\t<div class=\"elementor-element elementor-element-218e284 elementor-widget elementor-widget-heading\" data-id=\"218e284\" data-element_type=\"widget\" data-widget_type=\"heading.default\">\n\t\t\t\t<div class=\"elementor-widget-container\">\n\t\t\t<h2 class=\"elementor-heading-title elementor-size-default\">Ihr Verkaufstipp ist uns einiges wert!<\/h2>\t\t<\/div>\n\t\t\t\t<\/div>\n\t\t\t\t<div class=\"elementor-element elementor-element-c19627f elementor-widget elementor-widget-text-editor\" data-id=\"c19627f\" data-element_type=\"widget\" data-widget_type=\"text-editor.default\">\n\t\t\t\t<div class=\"elementor-widget-container\">\n\t\t\t<style>\/*! elementor - v3.15.0 - 20-08-2023 *\/\n.elementor-widget-text-editor.elementor-drop-cap-view-stacked .elementor-drop-cap{background-color:#69727d;color:#fff}.elementor-widget-text-editor.elementor-drop-cap-view-framed .elementor-drop-cap{color:#69727d;border:3px solid;background-color:transparent}.elementor-widget-text-editor:not(.elementor-drop-cap-view-default) .elementor-drop-cap{margin-top:8px}.elementor-widget-text-editor:not(.elementor-drop-cap-view-default) .elementor-drop-cap-letter{width:1em;height:1em}.elementor-widget-text-editor .elementor-drop-cap{float:left;text-align:center;line-height:1;font-size:50px}.elementor-widget-text-editor .elementor-drop-cap-letter{display:inline-block}<\/style>\t\t\t\t<p>Vielleicht kennen Sie aus Ihrem Umfeld (Freundes-oder n\u00e4heren Bekanntenkreis) jemanden, der beim Verkauf einer Immobilie auch gro\u00dfen Wert auf fundierte Markteinsch\u00e4tzung und fachliche Kompetenz legt. Dann sprechen Sie diese Person an und empfehlen Sie uns weiter!<\/p>\t\t\t\t\t\t<\/div>\n\t\t\t\t<\/div>\n\t\t\t\t\t<\/div>\n\t\t\t\t<\/div>\n\t\t<div class=\"elementor-element elementor-element-65c33a8 e-flex e-con-boxed e-con\" data-id=\"65c33a8\" data-element_type=\"container\" data-settings=\"{&quot;content_width&quot;:&quot;boxed&quot;}\">\n\t\t\t\t\t<div class=\"e-con-inner\">\n\t\t<div class=\"elementor-element elementor-element-a1acf6b e-con-full e-flex e-con\" data-id=\"a1acf6b\" data-element_type=\"container\" data-settings=\"{&quot;content_width&quot;:&quot;full&quot;}\">\n\t\t\t\t<div class=\"elementor-element elementor-element-80156fb elementor-widget elementor-widget-image\" data-id=\"80156fb\" data-element_type=\"widget\" data-widget_type=\"image.default\">\n\t\t\t\t<div class=\"elementor-widget-container\">\n\t\t\t<style>\/*! elementor - v3.15.0 - 20-08-2023 *\/\n.elementor-widget-image{text-align:center}.elementor-widget-image a{display:inline-block}.elementor-widget-image a img[src$=\".svg\"]{width:48px}.elementor-widget-image img{vertical-align:middle;display:inline-block}<\/style>\t\t\t\t\t\t\t\t\t\t\t\t<img decoding=\"async\" src=\"https:\/\/www.muzi-berlin.de\/wp-content\/uploads\/2023\/04\/Bildschirm\u00adfoto-2023-04-18-um-22.41.59.png\" title=\"Bildschirm\u00adfoto 2023-04-18 um 22.41.59\" alt=\"Bildschirm\u00adfoto 2023-04-18 um 22.41.59\" loading=\"lazy\" \/>\t\t\t\t\t\t\t\t\t\t\t\t\t\t\t<\/div>\n\t\t\t\t<\/div>\n\t\t\t\t<div class=\"elementor-element elementor-element-2612325 elementor-widget elementor-widget-text-editor\" data-id=\"2612325\" data-element_type=\"widget\" data-widget_type=\"text-editor.default\">\n\t\t\t\t<div class=\"elementor-widget-container\">\n\t\t\t\t\t\t\t<p>Ihre Empfehlung soll sich f\u00fcr alle Beteiligten lohnen.<\/p>\t\t\t\t\t\t<\/div>\n\t\t\t\t<\/div>\n\t\t\t\t<\/div>\n\t\t<div class=\"elementor-element elementor-element-7effdf0 e-con-full e-flex e-con\" data-id=\"7effdf0\" data-element_type=\"container\" data-settings=\"{&quot;content_width&quot;:&quot;full&quot;}\">\n\t\t\t\t<div class=\"elementor-element elementor-element-a5edf19 elementor-widget elementor-widget-text-editor\" data-id=\"a5edf19\" data-element_type=\"widget\" data-widget_type=\"text-editor.default\">\n\t\t\t\t<div class=\"elementor-widget-container\">\n\t\t\t\t\t\t\t<p>F\u00fcr jeden neuen Kunden, der bei Muzi-Berlin Immobilien &amp; Finanzdienst e.K. \u00fcber Ihre Empfehlung eine Immobilie verkauft, bedanken wir uns bei Ihnen mit einer Empfehlungspr\u00e4mie von 10-15% der gezahlten Provisionssumme!<\/p><p>Sie kennen jemanden?<\/p><p>Dann nehmen Sie einfach Kontakt (Angebot: Tippgeber) mit uns auf <a href=\"mailto:info@muzi-berlin.de\">info@muzi-berlin.de<\/a>.<\/p><p>Diese schriftliche Form gew\u00e4hrleistet automatisch, dass Sie als Tippgeber bei uns im System an diesem Tag -mit dieser Uhrzeit- zu diesem empfohlenen Objekt \u2013 gespeichert sind. Ihre E-Mail, und unsere Antwort darauf, ist somit auch gleich der Nachweis f\u00fcr Sie.<\/p><p>So einfach geht das!<\/p>\t\t\t\t\t\t<\/div>\n\t\t\t\t<\/div>\n\t\t\t\t<\/div>\n\t\t\t\t\t<\/div>\n\t\t\t\t<\/div>\n\t\t<div class=\"elementor-element elementor-element-4f4fb3d e-flex e-con-boxed e-con\" data-id=\"4f4fb3d\" data-element_type=\"container\" data-settings=\"{&quot;content_width&quot;:&quot;boxed&quot;}\">\n\t\t\t\t\t<div class=\"e-con-inner\">\n\t\t\t\t<div class=\"elementor-element elementor-element-b0118ef elementor-widget elementor-widget-text-editor\" data-id=\"b0118ef\" data-element_type=\"widget\" data-widget_type=\"text-editor.default\">\n\t\t\t\t<div class=\"elementor-widget-container\">\n\t\t\t\t\t\t\t<p>Wir bedanken uns vorab f\u00fcr Ihre M\u00fche!<\/p><p>Ihr Muzi-Berlin Team<br \/>MUZI-BERLIN IMMOBILIEN &amp; FINANZDIENST e.K.- seit 1992<\/p>\t\t\t\t\t\t<\/div>\n\t\t\t\t<\/div>\n\t\t\t\t\t<\/div>\n\t\t\t\t<\/div>\n\t\t\t\t\t\t\t<\/div>\n\t\t","protected":false},"excerpt":{"rendered":"<p>Tippgeber Ihr Verkaufstipp ist uns einiges wert! Vielleicht kennen Sie aus Ihrem Umfeld (Freundes-oder n\u00e4heren Bekanntenkreis) jemanden, der beim Verkauf einer Immobilie auch gro\u00dfen Wert auf fundierte Markteinsch\u00e4tzung und fachliche Kompetenz legt. Dann sprechen Sie diese Person an und empfehlen Sie uns weiter! Ihre Empfehlung soll sich f\u00fcr alle Beteiligten lohnen. F\u00fcr jeden neuen Kunden, der bei Muzi-Berlin Immobilien &amp; Finanzdienst e.K. \u00fcber Ihre &#8230;<\/p>\n","protected":false},"author":1,"featured_media":0,"parent":0,"menu_order":0,"comment_status":"closed","ping_status":"closed","template":"","meta":{"footnotes":""},"class_list":["post-21267","page","type-page","status-publish","hentry"],"acf":[],"yoast_head":"<!-- This site is optimized with the Yoast SEO plugin v21.1 - https:\/\/yoast.com\/wordpress\/plugins\/seo\/ -->\n<title>Tippgeber - Muzi Berlin Immobilien &amp; Finanzdienst e.K.<\/title>\n<meta name=\"robots\" content=\"index, follow, max-snippet:-1, max-image-preview:large, max-video-preview:-1\" \/>\n<link rel=\"canonical\" href=\"https:\/\/www.muzi-berlin.de\/de\/tippgeber\/\" \/>\n<meta property=\"og:locale\" content=\"de_DE\" \/>\n<meta property=\"og:type\" content=\"article\" \/>\n<meta property=\"og:title\" content=\"Tippgeber - Muzi Berlin Immobilien &amp; Finanzdienst e.K.\" \/>\n<meta property=\"og:description\" content=\"Tippgeber Ihr Verkaufstipp ist uns einiges wert! Vielleicht kennen Sie aus Ihrem Umfeld (Freundes-oder n\u00e4heren Bekanntenkreis) jemanden, der beim Verkauf einer Immobilie auch gro\u00dfen Wert auf fundierte Markteinsch\u00e4tzung und fachliche Kompetenz legt. Dann sprechen Sie diese Person an und empfehlen Sie uns weiter! Ihre Empfehlung soll sich f\u00fcr alle Beteiligten lohnen. F\u00fcr jeden neuen Kunden, der bei Muzi-Berlin Immobilien &amp; Finanzdienst e.K. \u00fcber Ihre ...\" \/>\n<meta property=\"og:url\" content=\"https:\/\/www.muzi-berlin.de\/de\/tippgeber\/\" \/>\n<meta property=\"og:site_name\" content=\"Muzi Berlin Immobilien &amp; Finanzdienst e.K.\" \/>\n<meta property=\"article:modified_time\" content=\"2023-04-18T20:55:36+00:00\" \/>\n<meta name=\"twitter:card\" content=\"summary_large_image\" \/>\n<meta name=\"twitter:label1\" content=\"Gesch\u00e4tzte Lesezeit\" \/>\n\t<meta name=\"twitter:data1\" content=\"1\u00a0Minute\" \/>\n<script type=\"application\/ld+json\" class=\"yoast-schema-graph\">{\"@context\":\"https:\/\/schema.org\",\"@graph\":[{\"@type\":\"WebPage\",\"@id\":\"https:\/\/www.muzi-berlin.de\/de\/tippgeber\/\",\"url\":\"https:\/\/www.muzi-berlin.de\/de\/tippgeber\/\",\"name\":\"Tippgeber - Muzi Berlin Immobilien &amp; Finanzdienst e.K.\",\"isPartOf\":{\"@id\":\"https:\/\/www.muzi-berlin.de\/de\/#website\"},\"datePublished\":\"2023-04-18T20:39:34+00:00\",\"dateModified\":\"2023-04-18T20:55:36+00:00\",\"breadcrumb\":{\"@id\":\"https:\/\/www.muzi-berlin.de\/de\/tippgeber\/#breadcrumb\"},\"inLanguage\":\"de\",\"potentialAction\":[{\"@type\":\"ReadAction\",\"target\":[\"https:\/\/www.muzi-berlin.de\/de\/tippgeber\/\"]}]},{\"@type\":\"BreadcrumbList\",\"@id\":\"https:\/\/www.muzi-berlin.de\/de\/tippgeber\/#breadcrumb\",\"itemListElement\":[{\"@type\":\"ListItem\",\"position\":1,\"name\":\"Startseite\",\"item\":\"https:\/\/www.muzi-berlin.de\/de\/\"},{\"@type\":\"ListItem\",\"position\":2,\"name\":\"Tippgeber\"}]},{\"@type\":\"WebSite\",\"@id\":\"https:\/\/www.muzi-berlin.de\/de\/#website\",\"url\":\"https:\/\/www.muzi-berlin.de\/de\/\",\"name\":\"Muzi - Berlin Immobilien & Finanzdienst e.K.\",\"description\":\"\",\"publisher\":{\"@id\":\"https:\/\/www.muzi-berlin.de\/de\/#organization\"},\"potentialAction\":[{\"@type\":\"SearchAction\",\"target\":{\"@type\":\"EntryPoint\",\"urlTemplate\":\"https:\/\/www.muzi-berlin.de\/de\/?s={search_term_string}\"},\"query-input\":\"required name=search_term_string\"}],\"inLanguage\":\"de\"},{\"@type\":\"Organization\",\"@id\":\"https:\/\/www.muzi-berlin.de\/de\/#organization\",\"name\":\"Muzi - Berlin Immobilien & Finanzdienst e.K.\",\"url\":\"https:\/\/www.muzi-berlin.de\/de\/\",\"logo\":{\"@type\":\"ImageObject\",\"inLanguage\":\"de\",\"@id\":\"https:\/\/www.muzi-berlin.de\/de\/#\/schema\/logo\/image\/\",\"url\":\"https:\/\/www.muzi-berlin.de\/wp-content\/uploads\/2023\/08\/465MBuberarbeitet-1-scaled.jpg\",\"contentUrl\":\"https:\/\/www.muzi-berlin.de\/wp-content\/uploads\/2023\/08\/465MBuberarbeitet-1-scaled.jpg\",\"width\":2560,\"height\":792,\"caption\":\"Muzi - Berlin Immobilien & Finanzdienst e.K.\"},\"image\":{\"@id\":\"https:\/\/www.muzi-berlin.de\/de\/#\/schema\/logo\/image\/\"}}]}<\/script>\n<!-- \/ Yoast SEO plugin. -->","yoast_head_json":{"title":"Tippgeber - Muzi Berlin Immobilien &amp; Finanzdienst e.K.","robots":{"index":"index","follow":"follow","max-snippet":"max-snippet:-1","max-image-preview":"max-image-preview:large","max-video-preview":"max-video-preview:-1"},"canonical":"https:\/\/www.muzi-berlin.de\/de\/tippgeber\/","og_locale":"de_DE","og_type":"article","og_title":"Tippgeber - Muzi Berlin Immobilien &amp; Finanzdienst e.K.","og_description":"Tippgeber Ihr Verkaufstipp ist uns einiges wert! Vielleicht kennen Sie aus Ihrem Umfeld (Freundes-oder n\u00e4heren Bekanntenkreis) jemanden, der beim Verkauf einer Immobilie auch gro\u00dfen Wert auf fundierte Markteinsch\u00e4tzung und fachliche Kompetenz legt. Dann sprechen Sie diese Person an und empfehlen Sie uns weiter! Ihre Empfehlung soll sich f\u00fcr alle Beteiligten lohnen. F\u00fcr jeden neuen Kunden, der bei Muzi-Berlin Immobilien &amp; Finanzdienst e.K. \u00fcber Ihre ...","og_url":"https:\/\/www.muzi-berlin.de\/de\/tippgeber\/","og_site_name":"Muzi Berlin Immobilien &amp; Finanzdienst e.K.","article_modified_time":"2023-04-18T20:55:36+00:00","twitter_card":"summary_large_image","twitter_misc":{"Gesch\u00e4tzte Lesezeit":"1\u00a0Minute"},"schema":{"@context":"https:\/\/schema.org","@graph":[{"@type":"WebPage","@id":"https:\/\/www.muzi-berlin.de\/de\/tippgeber\/","url":"https:\/\/www.muzi-berlin.de\/de\/tippgeber\/","name":"Tippgeber - Muzi Berlin Immobilien &amp; Finanzdienst e.K.","isPartOf":{"@id":"https:\/\/www.muzi-berlin.de\/de\/#website"},"datePublished":"2023-04-18T20:39:34+00:00","dateModified":"2023-04-18T20:55:36+00:00","breadcrumb":{"@id":"https:\/\/www.muzi-berlin.de\/de\/tippgeber\/#breadcrumb"},"inLanguage":"de","potentialAction":[{"@type":"ReadAction","target":["https:\/\/www.muzi-berlin.de\/de\/tippgeber\/"]}]},{"@type":"BreadcrumbList","@id":"https:\/\/www.muzi-berlin.de\/de\/tippgeber\/#breadcrumb","itemListElement":[{"@type":"ListItem","position":1,"name":"Startseite","item":"https:\/\/www.muzi-berlin.de\/de\/"},{"@type":"ListItem","position":2,"name":"Tippgeber"}]},{"@type":"WebSite","@id":"https:\/\/www.muzi-berlin.de\/de\/#website","url":"https:\/\/www.muzi-berlin.de\/de\/","name":"Muzi - Berlin Immobilien & Finanzdienst e.K.","description":"","publisher":{"@id":"https:\/\/www.muzi-berlin.de\/de\/#organization"},"potentialAction":[{"@type":"SearchAction","target":{"@type":"EntryPoint","urlTemplate":"https:\/\/www.muzi-berlin.de\/de\/?s={search_term_string}"},"query-input":"required name=search_term_string"}],"inLanguage":"de"},{"@type":"Organization","@id":"https:\/\/www.muzi-berlin.de\/de\/#organization","name":"Muzi - Berlin Immobilien & Finanzdienst e.K.","url":"https:\/\/www.muzi-berlin.de\/de\/","logo":{"@type":"ImageObject","inLanguage":"de","@id":"https:\/\/www.muzi-berlin.de\/de\/#\/schema\/logo\/image\/","url":"https:\/\/www.muzi-berlin.de\/wp-content\/uploads\/2023\/08\/465MBuberarbeitet-1-scaled.jpg","contentUrl":"https:\/\/www.muzi-berlin.de\/wp-content\/uploads\/2023\/08\/465MBuberarbeitet-1-scaled.jpg","width":2560,"height":792,"caption":"Muzi - Berlin Immobilien & Finanzdienst e.K."},"image":{"@id":"https:\/\/www.muzi-berlin.de\/de\/#\/schema\/logo\/image\/"}}]}},"_links":{"self":[{"href":"https:\/\/www.muzi-berlin.de\/de\/wp-json\/wp\/v2\/pages\/21267","targetHints":{"allow":["GET"]}}],"collection":[{"href":"https:\/\/www.muzi-berlin.de\/de\/wp-json\/wp\/v2\/pages"}],"about":[{"href":"https:\/\/www.muzi-berlin.de\/de\/wp-json\/wp\/v2\/types\/page"}],"author":[{"embeddable":true,"href":"https:\/\/www.muzi-berlin.de\/de\/wp-json\/wp\/v2\/users\/1"}],"replies":[{"embeddable":true,"href":"https:\/\/www.muzi-berlin.de\/de\/wp-json\/wp\/v2\/comments?post=21267"}],"version-history":[{"count":0,"href":"https:\/\/www.muzi-berlin.de\/de\/wp-json\/wp\/v2\/pages\/21267\/revisions"}],"wp:attachment":[{"href":"https:\/\/www.muzi-berlin.de\/de\/wp-json\/wp\/v2\/media?parent=21267"}],"curies":[{"name":"wp","href":"https:\/\/api.w.org\/{rel}","templated":true}]}}