{"id":21336,"date":"2023-04-25T10:01:33","date_gmt":"2023-04-25T10:01:33","guid":{"rendered":"https:\/\/agnamana.de\/?page_id=21336"},"modified":"2023-08-03T17:21:14","modified_gmt":"2023-08-03T17:21:14","slug":"auslandsimmobilien","status":"publish","type":"page","link":"https:\/\/www.muzi-berlin.de\/de\/auslandsimmobilien\/","title":{"rendered":"Auslandsimmobilien"},"content":{"rendered":"\t\t<div data-elementor-type=\"wp-page\" data-elementor-id=\"21336\" class=\"elementor elementor-21336\" data-elementor-post-type=\"page\">\n\t\t\t\t\t\t\t<div class=\"elementor-element elementor-element-c68981d e-con-full e-flex e-con\" data-id=\"c68981d\" data-element_type=\"container\" data-settings=\"{&quot;content_width&quot;:&quot;full&quot;}\">\n\t\t\t\t<div class=\"elementor-element elementor-element-d6b1563 elementor-widget elementor-widget-text-editor\" data-id=\"d6b1563\" data-element_type=\"widget\" data-widget_type=\"text-editor.default\">\n\t\t\t\t<div class=\"elementor-widget-container\">\n\t\t\t<style>\/*! elementor - v3.15.0 - 20-08-2023 *\/\n.elementor-widget-text-editor.elementor-drop-cap-view-stacked .elementor-drop-cap{background-color:#69727d;color:#fff}.elementor-widget-text-editor.elementor-drop-cap-view-framed .elementor-drop-cap{color:#69727d;border:3px solid;background-color:transparent}.elementor-widget-text-editor:not(.elementor-drop-cap-view-default) .elementor-drop-cap{margin-top:8px}.elementor-widget-text-editor:not(.elementor-drop-cap-view-default) .elementor-drop-cap-letter{width:1em;height:1em}.elementor-widget-text-editor .elementor-drop-cap{float:left;text-align:center;line-height:1;font-size:50px}.elementor-widget-text-editor .elementor-drop-cap-letter{display:inline-block}<\/style>\t\t\t\t<div class=\"main-content\"><div class=\"section\"><div class=\"row\"><div class=\"large-12 columns\"><p>Muzi Immobilien steht Ihnen als kompetenter Partner beim Erwerb von Auslandsimmobilien zur Seite. Wir pr\u00e4sentieren Ihnen eine sorgf\u00e4ltig ausgew\u00e4hlte Auswahl an hochwertigen Eigentumswohnungen, Grundst\u00fccke, H\u00e4user und Villen im Ausland, die Ihren individuellen Bed\u00fcrfnissen und Anforderungen entsprechen. Dar\u00fcber hinaus bieten wir Ihnen eine umfassende Unterst\u00fctzung in allen Fragen rund um die <a href=\"https:\/\/www.muzi-berlin.de\/finanzierungsberatung\/\">Finanzierung Ihrer Immobilie<\/a>. Vertrauen Sie auf unsere langj\u00e4hrige Expertise und lassen Sie uns gemeinsam Ihre Traumimmobilie im Ausland finden.<\/p><\/div><\/div><\/div><\/div>\t\t\t\t\t\t<\/div>\n\t\t\t\t<\/div>\n\t\t\t\t<\/div>\n\t\t<div class=\"elementor-element elementor-element-c09ec0f e-flex e-con-boxed e-con\" data-id=\"c09ec0f\" data-element_type=\"container\" data-settings=\"{&quot;content_width&quot;:&quot;boxed&quot;}\">\n\t\t\t\t\t<div class=\"e-con-inner\">\n\t\t<div class=\"elementor-element elementor-element-5f0a92e e-con-full e-flex e-con\" data-id=\"5f0a92e\" data-element_type=\"container\" data-settings=\"{&quot;content_width&quot;:&quot;full&quot;}\">\n\t\t\t\t<div class=\"elementor-element elementor-element-9dd15d7 elementor-widget elementor-widget-image\" data-id=\"9dd15d7\" data-element_type=\"widget\" data-widget_type=\"image.default\">\n\t\t\t\t<div class=\"elementor-widget-container\">\n\t\t\t<style>\/*! elementor - v3.15.0 - 20-08-2023 *\/\n.elementor-widget-image{text-align:center}.elementor-widget-image a{display:inline-block}.elementor-widget-image a img[src$=\".svg\"]{width:48px}.elementor-widget-image img{vertical-align:middle;display:inline-block}<\/style>\t\t\t\t\t\t\t\t\t\t\t\t<img decoding=\"async\" src=\"https:\/\/www.muzi-berlin.de\/wp-content\/uploads\/elementor\/thumbs\/real-estate-room-7-qbd0h6cv527wgqijboq244oefhaj0czjik9gjlc2vk.jpg\" title=\"real-estate-room-7.jpg\" alt=\"real-estate-room-7.jpg\" loading=\"lazy\" \/>\t\t\t\t\t\t\t\t\t\t\t\t\t\t\t<\/div>\n\t\t\t\t<\/div>\n\t\t\t\t<\/div>\n\t\t<div class=\"elementor-element elementor-element-22c55ac e-con-full e-flex e-con\" data-id=\"22c55ac\" data-element_type=\"container\" data-settings=\"{&quot;content_width&quot;:&quot;full&quot;}\">\n\t\t\t\t<div class=\"elementor-element elementor-element-e6d6f4f elementor-widget elementor-widget-heading\" data-id=\"e6d6f4f\" data-element_type=\"widget\" data-widget_type=\"heading.default\">\n\t\t\t\t<div class=\"elementor-widget-container\">\n\t\t\t<style>\/*! elementor - v3.15.0 - 20-08-2023 *\/\n.elementor-heading-title{padding:0;margin:0;line-height:1}.elementor-widget-heading .elementor-heading-title[class*=elementor-size-]>a{color:inherit;font-size:inherit;line-height:inherit}.elementor-widget-heading .elementor-heading-title.elementor-size-small{font-size:15px}.elementor-widget-heading .elementor-heading-title.elementor-size-medium{font-size:19px}.elementor-widget-heading .elementor-heading-title.elementor-size-large{font-size:29px}.elementor-widget-heading .elementor-heading-title.elementor-size-xl{font-size:39px}.elementor-widget-heading .elementor-heading-title.elementor-size-xxl{font-size:59px}<\/style><h2 class=\"elementor-heading-title elementor-size-default\">Auslandsimmobilien - Wohnung<\/h2>\t\t<\/div>\n\t\t\t\t<\/div>\n\t\t\t\t<div class=\"elementor-element elementor-element-a3fff0e elementor-widget elementor-widget-text-editor\" data-id=\"a3fff0e\" data-element_type=\"widget\" data-widget_type=\"text-editor.default\">\n\t\t\t\t<div class=\"elementor-widget-container\">\n\t\t\t\t\t\t\t<p>Gerne unterst\u00fctzt Sie Muzi Immobilien beim Kauf Ihrer Traumimmobilie im Ausland. Wir bieten Ihnen eine gro\u00dfe Auswahl an hochwertigen Eigentumswohnungen im Ausland, die perfekt auf Ihre individuellen Bed\u00fcrfnisse und Anforderungen zugeschnitten sind. Mit unserer schnellen und unkomplizierten Abwicklung sowie individuellen Expos\u00e9s k\u00f6nnen Sie sicher sein, dass der Kauf Ihrer Auslandsimmobilie reibungslos verl\u00e4uft.<\/p>\t\t\t\t\t\t<\/div>\n\t\t\t\t<\/div>\n\t\t\t\t<div class=\"elementor-element elementor-element-5dfe658 elementor-align-left elementor-widget elementor-widget-button\" data-id=\"5dfe658\" data-element_type=\"widget\" data-widget_type=\"button.default\">\n\t\t\t\t<div class=\"elementor-widget-container\">\n\t\t\t\t\t<div class=\"elementor-button-wrapper\">\n\t\t\t<a class=\"elementor-button elementor-button-link elementor-size-sm\" href=\"https:\/\/muzi-berlin.de\/wohnungen-ausland\/\">\n\t\t\t\t\t\t<span class=\"elementor-button-content-wrapper\">\n\t\t\t\t\t\t<span class=\"elementor-button-text\">Zur \u00dcbersicht unseren Auslandsimmobilien - Wohnung<\/span>\n\t\t<\/span>\n\t\t\t\t\t<\/a>\n\t\t<\/div>\n\t\t\t\t<\/div>\n\t\t\t\t<\/div>\n\t\t\t\t<\/div>\n\t\t\t\t\t<\/div>\n\t\t\t\t<\/div>\n\t\t<div class=\"elementor-element elementor-element-98e0d95 e-flex e-con-boxed e-con\" data-id=\"98e0d95\" data-element_type=\"container\" data-settings=\"{&quot;content_width&quot;:&quot;boxed&quot;}\">\n\t\t\t\t\t<div class=\"e-con-inner\">\n\t\t<div class=\"elementor-element elementor-element-654590f e-con-full e-flex e-con\" data-id=\"654590f\" data-element_type=\"container\" data-settings=\"{&quot;content_width&quot;:&quot;full&quot;}\">\n\t\t\t\t<div class=\"elementor-element elementor-element-782b3c5 elementor-widget elementor-widget-image\" data-id=\"782b3c5\" data-element_type=\"widget\" data-widget_type=\"image.default\">\n\t\t\t\t<div class=\"elementor-widget-container\">\n\t\t\t\t\t\t\t\t\t\t\t\t\t\t\t<img decoding=\"async\" src=\"https:\/\/www.muzi-berlin.de\/wp-content\/uploads\/elementor\/thumbs\/real-estate-bg-2-qbd0h7apbw96sch6674oomfv0v5w8239uowy0vaopc.jpg\" title=\"real-estate-bg-2.jpg\" alt=\"real-estate-bg-2.jpg\" loading=\"lazy\" \/>\t\t\t\t\t\t\t\t\t\t\t\t\t\t\t<\/div>\n\t\t\t\t<\/div>\n\t\t\t\t<\/div>\n\t\t<div class=\"elementor-element elementor-element-84dba32 e-con-full e-flex e-con\" data-id=\"84dba32\" data-element_type=\"container\" data-settings=\"{&quot;content_width&quot;:&quot;full&quot;}\">\n\t\t\t\t<div class=\"elementor-element elementor-element-df3f329 elementor-widget__width-initial elementor-widget elementor-widget-heading\" data-id=\"df3f329\" data-element_type=\"widget\" data-widget_type=\"heading.default\">\n\t\t\t\t<div class=\"elementor-widget-container\">\n\t\t\t<h2 class=\"elementor-heading-title elementor-size-default\">Auslandsimmobilien - H\u00e4user &amp; Villen<\/h2>\t\t<\/div>\n\t\t\t\t<\/div>\n\t\t\t\t<div class=\"elementor-element elementor-element-02fbdbd elementor-widget elementor-widget-text-editor\" data-id=\"02fbdbd\" data-element_type=\"widget\" data-widget_type=\"text-editor.default\">\n\t\t\t\t<div class=\"elementor-widget-container\">\n\t\t\t\t\t\t\t<div class=\"flex flex-grow flex-col gap-3\"><div class=\"min-h-[20px] flex flex-col items-start gap-4 whitespace-pre-wrap break-words\"><div class=\"markdown prose w-full break-words dark:prose-invert dark\"><p>Muzi Immobilien pr\u00e4sentiert Ihnen eine breite Auswahl an exklusiven Auslandsimmobilien wie luxuri\u00f6sen H\u00e4usern und Villen. Wir stehen Ihnen bei der Suche nach Ihrer Traumimmobilie im Ausland zur Seite und gew\u00e4hrleisten eine reibungslose und z\u00fcgige Abwicklung.<\/p><\/div><\/div><\/div>\t\t\t\t\t\t<\/div>\n\t\t\t\t<\/div>\n\t\t\t\t<div class=\"elementor-element elementor-element-d9cd195 elementor-align-left elementor-widget elementor-widget-button\" data-id=\"d9cd195\" data-element_type=\"widget\" data-widget_type=\"button.default\">\n\t\t\t\t<div class=\"elementor-widget-container\">\n\t\t\t\t\t<div class=\"elementor-button-wrapper\">\n\t\t\t<a class=\"elementor-button elementor-button-link elementor-size-sm\" href=\"https:\/\/muzi-berlin.de\/haeuser-villen-ausland\/\">\n\t\t\t\t\t\t<span class=\"elementor-button-content-wrapper\">\n\t\t\t\t\t\t<span class=\"elementor-button-text\">Zur \u00dcbersicht unserer Auslandsimmobilien - H\u00e4user & Villen<\/span>\n\t\t<\/span>\n\t\t\t\t\t<\/a>\n\t\t<\/div>\n\t\t\t\t<\/div>\n\t\t\t\t<\/div>\n\t\t\t\t<\/div>\n\t\t\t\t\t<\/div>\n\t\t\t\t<\/div>\n\t\t<div class=\"elementor-element elementor-element-bed97f2 e-flex e-con-boxed e-con\" data-id=\"bed97f2\" data-element_type=\"container\" data-settings=\"{&quot;content_width&quot;:&quot;boxed&quot;}\">\n\t\t\t\t\t<div class=\"e-con-inner\">\n\t\t<div class=\"elementor-element elementor-element-f8b963f e-con-full e-flex e-con\" data-id=\"f8b963f\" data-element_type=\"container\" data-settings=\"{&quot;content_width&quot;:&quot;full&quot;}\">\n\t\t\t\t<div class=\"elementor-element elementor-element-a03099b elementor-widget elementor-widget-image\" data-id=\"a03099b\" data-element_type=\"widget\" data-widget_type=\"image.default\">\n\t\t\t\t<div class=\"elementor-widget-container\">\n\t\t\t\t\t\t\t\t\t\t\t\t\t\t\t<img loading=\"lazy\" decoding=\"async\" width=\"418\" height=\"360\" src=\"https:\/\/www.muzi-berlin.de\/wp-content\/uploads\/2023\/05\/Bildschirmfoto-2023-05-07-um-12.54.37.png\" class=\"attachment-large size-large wp-image-21614\" alt=\"\" srcset=\"https:\/\/www.muzi-berlin.de\/wp-content\/uploads\/2023\/05\/Bildschirmfoto-2023-05-07-um-12.54.37.png 418w, https:\/\/www.muzi-berlin.de\/wp-content\/uploads\/2023\/05\/Bildschirmfoto-2023-05-07-um-12.54.37-300x258.png 300w\" sizes=\"auto, (max-width: 418px) 100vw, 418px\" \/>\t\t\t\t\t\t\t\t\t\t\t\t\t\t\t<\/div>\n\t\t\t\t<\/div>\n\t\t\t\t<\/div>\n\t\t<div class=\"elementor-element elementor-element-a2d8e1e e-con-full e-flex e-con\" data-id=\"a2d8e1e\" data-element_type=\"container\" data-settings=\"{&quot;content_width&quot;:&quot;full&quot;}\">\n\t\t\t\t<div class=\"elementor-element elementor-element-f900612 elementor-widget elementor-widget-heading\" data-id=\"f900612\" data-element_type=\"widget\" data-widget_type=\"heading.default\">\n\t\t\t\t<div class=\"elementor-widget-container\">\n\t\t\t<h2 class=\"elementor-heading-title elementor-size-default\">Auslandsimmobilien - Grundst\u00fcck<\/h2>\t\t<\/div>\n\t\t\t\t<\/div>\n\t\t\t\t<div class=\"elementor-element elementor-element-3eda99b elementor-widget elementor-widget-text-editor\" data-id=\"3eda99b\" data-element_type=\"widget\" data-widget_type=\"text-editor.default\">\n\t\t\t\t<div class=\"elementor-widget-container\">\n\t\t\t\t\t\t\t<p>Bei Muzi Immobilien finden Sie eine breite Palette an erstklassigen Auslandsimmobilien, darunter auch Grundst\u00fccke. Wir unterst\u00fctzen Sie bei der Suche nach Ihrem Traumgrundst\u00fcck im Ausland und sorgen f\u00fcr eine reibungslose und unkomplizierte Abwicklung. Dank unserer individuellen Expos\u00e9s finden Sie schnell und einfach die Immobilie, die Ihren individuellen Anforderungen entspricht. Vertrauen Sie auf unsere langj\u00e4hrige Erfahrung und Expertise und lassen Sie uns gemeinsam Ihre Auslandsimmobilie finden.<\/p>\t\t\t\t\t\t<\/div>\n\t\t\t\t<\/div>\n\t\t\t\t<div class=\"elementor-element elementor-element-b1047d1 elementor-align-left elementor-widget elementor-widget-button\" data-id=\"b1047d1\" data-element_type=\"widget\" data-widget_type=\"button.default\">\n\t\t\t\t<div class=\"elementor-widget-container\">\n\t\t\t\t\t<div class=\"elementor-button-wrapper\">\n\t\t\t<a class=\"elementor-button elementor-button-link elementor-size-sm\" href=\"https:\/\/muzi-berlin.de\/grundstueck-ausland\/\">\n\t\t\t\t\t\t<span class=\"elementor-button-content-wrapper\">\n\t\t\t\t\t\t<span class=\"elementor-button-text\">Zur \u00dcbersicht unserer Auslandsimmobilien - Grundst\u00fcck<\/span>\n\t\t<\/span>\n\t\t\t\t\t<\/a>\n\t\t<\/div>\n\t\t\t\t<\/div>\n\t\t\t\t<\/div>\n\t\t\t\t<\/div>\n\t\t\t\t\t<\/div>\n\t\t\t\t<\/div>\n\t\t\t\t\t\t\t<\/div>\n\t\t","protected":false},"excerpt":{"rendered":"<p>Muzi Immobilien steht Ihnen als kompetenter Partner beim Erwerb von Auslandsimmobilien zur Seite. Wir pr\u00e4sentieren Ihnen eine sorgf\u00e4ltig ausgew\u00e4hlte Auswahl an hochwertigen Eigentumswohnungen, Grundst\u00fccke, H\u00e4user und Villen im Ausland, die Ihren individuellen Bed\u00fcrfnissen und Anforderungen entsprechen. Dar\u00fcber hinaus bieten wir Ihnen eine umfassende Unterst\u00fctzung in allen Fragen rund um die Finanzierung Ihrer Immobilie. Vertrauen Sie auf unsere langj\u00e4hrige Expertise und lassen Sie uns gemeinsam &#8230;<\/p>\n","protected":false},"author":1,"featured_media":0,"parent":0,"menu_order":0,"comment_status":"closed","ping_status":"closed","template":"","meta":{"footnotes":""},"class_list":["post-21336","page","type-page","status-publish","hentry"],"acf":[],"yoast_head":"<!-- This site is optimized with the Yoast SEO plugin v21.1 - https:\/\/yoast.com\/wordpress\/plugins\/seo\/ -->\n<title>Auslandsimmobilien - Muzi Berlin Immobilien &amp; Finanzdienst e.K.<\/title>\n<meta name=\"robots\" content=\"index, follow, max-snippet:-1, max-image-preview:large, max-video-preview:-1\" \/>\n<link rel=\"canonical\" href=\"https:\/\/www.muzi-berlin.de\/de\/auslandsimmobilien\/\" \/>\n<meta property=\"og:locale\" content=\"de_DE\" \/>\n<meta property=\"og:type\" content=\"article\" \/>\n<meta property=\"og:title\" content=\"Auslandsimmobilien - Muzi Berlin Immobilien &amp; Finanzdienst e.K.\" \/>\n<meta property=\"og:description\" content=\"Muzi Immobilien steht Ihnen als kompetenter Partner beim Erwerb von Auslandsimmobilien zur Seite. Wir pr\u00e4sentieren Ihnen eine sorgf\u00e4ltig ausgew\u00e4hlte Auswahl an hochwertigen Eigentumswohnungen, Grundst\u00fccke, H\u00e4user und Villen im Ausland, die Ihren individuellen Bed\u00fcrfnissen und Anforderungen entsprechen. Dar\u00fcber hinaus bieten wir Ihnen eine umfassende Unterst\u00fctzung in allen Fragen rund um die Finanzierung Ihrer Immobilie. Vertrauen Sie auf unsere langj\u00e4hrige Expertise und lassen Sie uns gemeinsam ...\" \/>\n<meta property=\"og:url\" content=\"https:\/\/www.muzi-berlin.de\/de\/auslandsimmobilien\/\" \/>\n<meta property=\"og:site_name\" content=\"Muzi Berlin Immobilien &amp; Finanzdienst e.K.\" \/>\n<meta property=\"article:modified_time\" content=\"2023-08-03T17:21:14+00:00\" \/>\n<meta property=\"og:image\" content=\"https:\/\/muzi-berlin.de\/wp-content\/uploads\/elementor\/thumbs\/real-estate-room-7-qa18qkn7v79rdj4brhkeg1z9j2rwcq6mxj0bkwsxw0.jpg\" \/>\n<meta name=\"twitter:card\" content=\"summary_large_image\" \/>\n<meta name=\"twitter:label1\" content=\"Gesch\u00e4tzte Lesezeit\" \/>\n\t<meta name=\"twitter:data1\" content=\"1\u00a0Minute\" \/>\n<script type=\"application\/ld+json\" class=\"yoast-schema-graph\">{\"@context\":\"https:\/\/schema.org\",\"@graph\":[{\"@type\":\"WebPage\",\"@id\":\"https:\/\/www.muzi-berlin.de\/de\/auslandsimmobilien\/\",\"url\":\"https:\/\/www.muzi-berlin.de\/de\/auslandsimmobilien\/\",\"name\":\"Auslandsimmobilien - Muzi Berlin Immobilien &amp; Finanzdienst e.K.\",\"isPartOf\":{\"@id\":\"https:\/\/www.muzi-berlin.de\/de\/#website\"},\"datePublished\":\"2023-04-25T10:01:33+00:00\",\"dateModified\":\"2023-08-03T17:21:14+00:00\",\"breadcrumb\":{\"@id\":\"https:\/\/www.muzi-berlin.de\/de\/auslandsimmobilien\/#breadcrumb\"},\"inLanguage\":\"de\",\"potentialAction\":[{\"@type\":\"ReadAction\",\"target\":[\"https:\/\/www.muzi-berlin.de\/de\/auslandsimmobilien\/\"]}]},{\"@type\":\"BreadcrumbList\",\"@id\":\"https:\/\/www.muzi-berlin.de\/de\/auslandsimmobilien\/#breadcrumb\",\"itemListElement\":[{\"@type\":\"ListItem\",\"position\":1,\"name\":\"Startseite\",\"item\":\"https:\/\/www.muzi-berlin.de\/de\/\"},{\"@type\":\"ListItem\",\"position\":2,\"name\":\"Auslandsimmobilien\"}]},{\"@type\":\"WebSite\",\"@id\":\"https:\/\/www.muzi-berlin.de\/de\/#website\",\"url\":\"https:\/\/www.muzi-berlin.de\/de\/\",\"name\":\"Muzi - Berlin Immobilien & Finanzdienst e.K.\",\"description\":\"\",\"publisher\":{\"@id\":\"https:\/\/www.muzi-berlin.de\/de\/#organization\"},\"potentialAction\":[{\"@type\":\"SearchAction\",\"target\":{\"@type\":\"EntryPoint\",\"urlTemplate\":\"https:\/\/www.muzi-berlin.de\/de\/?s={search_term_string}\"},\"query-input\":\"required name=search_term_string\"}],\"inLanguage\":\"de\"},{\"@type\":\"Organization\",\"@id\":\"https:\/\/www.muzi-berlin.de\/de\/#organization\",\"name\":\"Muzi - Berlin Immobilien & Finanzdienst e.K.\",\"url\":\"https:\/\/www.muzi-berlin.de\/de\/\",\"logo\":{\"@type\":\"ImageObject\",\"inLanguage\":\"de\",\"@id\":\"https:\/\/www.muzi-berlin.de\/de\/#\/schema\/logo\/image\/\",\"url\":\"https:\/\/www.muzi-berlin.de\/wp-content\/uploads\/2023\/08\/465MBuberarbeitet-1-scaled.jpg\",\"contentUrl\":\"https:\/\/www.muzi-berlin.de\/wp-content\/uploads\/2023\/08\/465MBuberarbeitet-1-scaled.jpg\",\"width\":2560,\"height\":792,\"caption\":\"Muzi - Berlin Immobilien & Finanzdienst e.K.\"},\"image\":{\"@id\":\"https:\/\/www.muzi-berlin.de\/de\/#\/schema\/logo\/image\/\"}}]}<\/script>\n<!-- \/ Yoast SEO plugin. -->","yoast_head_json":{"title":"Auslandsimmobilien - Muzi Berlin Immobilien &amp; Finanzdienst e.K.","robots":{"index":"index","follow":"follow","max-snippet":"max-snippet:-1","max-image-preview":"max-image-preview:large","max-video-preview":"max-video-preview:-1"},"canonical":"https:\/\/www.muzi-berlin.de\/de\/auslandsimmobilien\/","og_locale":"de_DE","og_type":"article","og_title":"Auslandsimmobilien - Muzi Berlin Immobilien &amp; Finanzdienst e.K.","og_description":"Muzi Immobilien steht Ihnen als kompetenter Partner beim Erwerb von Auslandsimmobilien zur Seite. Wir pr\u00e4sentieren Ihnen eine sorgf\u00e4ltig ausgew\u00e4hlte Auswahl an hochwertigen Eigentumswohnungen, Grundst\u00fccke, H\u00e4user und Villen im Ausland, die Ihren individuellen Bed\u00fcrfnissen und Anforderungen entsprechen. Dar\u00fcber hinaus bieten wir Ihnen eine umfassende Unterst\u00fctzung in allen Fragen rund um die Finanzierung Ihrer Immobilie. Vertrauen Sie auf unsere langj\u00e4hrige Expertise und lassen Sie uns gemeinsam ...","og_url":"https:\/\/www.muzi-berlin.de\/de\/auslandsimmobilien\/","og_site_name":"Muzi Berlin Immobilien &amp; Finanzdienst e.K.","article_modified_time":"2023-08-03T17:21:14+00:00","og_image":[{"url":"https:\/\/muzi-berlin.de\/wp-content\/uploads\/elementor\/thumbs\/real-estate-room-7-qa18qkn7v79rdj4brhkeg1z9j2rwcq6mxj0bkwsxw0.jpg"}],"twitter_card":"summary_large_image","twitter_misc":{"Gesch\u00e4tzte Lesezeit":"1\u00a0Minute"},"schema":{"@context":"https:\/\/schema.org","@graph":[{"@type":"WebPage","@id":"https:\/\/www.muzi-berlin.de\/de\/auslandsimmobilien\/","url":"https:\/\/www.muzi-berlin.de\/de\/auslandsimmobilien\/","name":"Auslandsimmobilien - Muzi Berlin Immobilien &amp; Finanzdienst e.K.","isPartOf":{"@id":"https:\/\/www.muzi-berlin.de\/de\/#website"},"datePublished":"2023-04-25T10:01:33+00:00","dateModified":"2023-08-03T17:21:14+00:00","breadcrumb":{"@id":"https:\/\/www.muzi-berlin.de\/de\/auslandsimmobilien\/#breadcrumb"},"inLanguage":"de","potentialAction":[{"@type":"ReadAction","target":["https:\/\/www.muzi-berlin.de\/de\/auslandsimmobilien\/"]}]},{"@type":"BreadcrumbList","@id":"https:\/\/www.muzi-berlin.de\/de\/auslandsimmobilien\/#breadcrumb","itemListElement":[{"@type":"ListItem","position":1,"name":"Startseite","item":"https:\/\/www.muzi-berlin.de\/de\/"},{"@type":"ListItem","position":2,"name":"Auslandsimmobilien"}]},{"@type":"WebSite","@id":"https:\/\/www.muzi-berlin.de\/de\/#website","url":"https:\/\/www.muzi-berlin.de\/de\/","name":"Muzi - Berlin Immobilien & Finanzdienst e.K.","description":"","publisher":{"@id":"https:\/\/www.muzi-berlin.de\/de\/#organization"},"potentialAction":[{"@type":"SearchAction","target":{"@type":"EntryPoint","urlTemplate":"https:\/\/www.muzi-berlin.de\/de\/?s={search_term_string}"},"query-input":"required name=search_term_string"}],"inLanguage":"de"},{"@type":"Organization","@id":"https:\/\/www.muzi-berlin.de\/de\/#organization","name":"Muzi - Berlin Immobilien & Finanzdienst e.K.","url":"https:\/\/www.muzi-berlin.de\/de\/","logo":{"@type":"ImageObject","inLanguage":"de","@id":"https:\/\/www.muzi-berlin.de\/de\/#\/schema\/logo\/image\/","url":"https:\/\/www.muzi-berlin.de\/wp-content\/uploads\/2023\/08\/465MBuberarbeitet-1-scaled.jpg","contentUrl":"https:\/\/www.muzi-berlin.de\/wp-content\/uploads\/2023\/08\/465MBuberarbeitet-1-scaled.jpg","width":2560,"height":792,"caption":"Muzi - Berlin Immobilien & Finanzdienst e.K."},"image":{"@id":"https:\/\/www.muzi-berlin.de\/de\/#\/schema\/logo\/image\/"}}]}},"_links":{"self":[{"href":"https:\/\/www.muzi-berlin.de\/de\/wp-json\/wp\/v2\/pages\/21336","targetHints":{"allow":["GET"]}}],"collection":[{"href":"https:\/\/www.muzi-berlin.de\/de\/wp-json\/wp\/v2\/pages"}],"about":[{"href":"https:\/\/www.muzi-berlin.de\/de\/wp-json\/wp\/v2\/types\/page"}],"author":[{"embeddable":true,"href":"https:\/\/www.muzi-berlin.de\/de\/wp-json\/wp\/v2\/users\/1"}],"replies":[{"embeddable":true,"href":"https:\/\/www.muzi-berlin.de\/de\/wp-json\/wp\/v2\/comments?post=21336"}],"version-history":[{"count":0,"href":"https:\/\/www.muzi-berlin.de\/de\/wp-json\/wp\/v2\/pages\/21336\/revisions"}],"wp:attachment":[{"href":"https:\/\/www.muzi-berlin.de\/de\/wp-json\/wp\/v2\/media?parent=21336"}],"curies":[{"name":"wp","href":"https:\/\/api.w.org\/{rel}","templated":true}]}}