{"id":21348,"date":"2023-04-25T10:01:33","date_gmt":"2023-04-25T10:01:33","guid":{"rendered":"https:\/\/agnamana.de\/?page_id=21348"},"modified":"2023-06-30T12:39:08","modified_gmt":"2023-06-30T12:39:08","slug":"grundstueck-ausland","status":"publish","type":"page","link":"https:\/\/www.muzi-berlin.de\/de\/grundstueck-ausland\/","title":{"rendered":"Grundst\u00fcck &#8211; Ausland"},"content":{"rendered":"\t\t<div data-elementor-type=\"wp-page\" data-elementor-id=\"21348\" class=\"elementor elementor-21348\" data-elementor-post-type=\"page\">\n\t\t\t\t\t\t\t<div class=\"elementor-element elementor-element-a277108 e-flex e-con-boxed e-con\" data-id=\"a277108\" data-element_type=\"container\" data-settings=\"{&quot;content_width&quot;:&quot;boxed&quot;}\">\n\t\t\t\t\t<div class=\"e-con-inner\">\n\t\t\t\t<div class=\"elementor-element elementor-element-2546d97 elementor-widget elementor-widget-text-editor\" data-id=\"2546d97\" data-element_type=\"widget\" data-widget_type=\"text-editor.default\">\n\t\t\t\t<div class=\"elementor-widget-container\">\n\t\t\t<style>\/*! elementor - v3.15.0 - 20-08-2023 *\/\n.elementor-widget-text-editor.elementor-drop-cap-view-stacked .elementor-drop-cap{background-color:#69727d;color:#fff}.elementor-widget-text-editor.elementor-drop-cap-view-framed .elementor-drop-cap{color:#69727d;border:3px solid;background-color:transparent}.elementor-widget-text-editor:not(.elementor-drop-cap-view-default) .elementor-drop-cap{margin-top:8px}.elementor-widget-text-editor:not(.elementor-drop-cap-view-default) .elementor-drop-cap-letter{width:1em;height:1em}.elementor-widget-text-editor .elementor-drop-cap{float:left;text-align:center;line-height:1;font-size:50px}.elementor-widget-text-editor .elementor-drop-cap-letter{display:inline-block}<\/style>\t\t\t\t<p>Auch im internationalen Raum bietet Ihnen Muzi Immobilien ein Angebot an unterschiedlichsten Immobilien. Falls Ihnen ein bestimmtes Objekt ins Auge f\u00e4llt, fordern Sie einfach das entsprechende Expos\u00e9 an und nehmen Sie Kontakt zum angegebenen Ansprechpartner auf.<br \/><br \/><a href=\"https:\/\/www.muzi-berlin.de\/abkuerzungsverzeichnis\/?h\">Abk\u00fcrzungsverzeichnis zum Nachschlagen<\/a><\/p>\t\t\t\t\t\t<\/div>\n\t\t\t\t<\/div>\n\t\t\t\t\t<\/div>\n\t\t\t\t<\/div>\n\t\t<div class=\"elementor-element elementor-element-e515aeb e-flex e-con-boxed e-con\" data-id=\"e515aeb\" data-element_type=\"container\" data-settings=\"{&quot;content_width&quot;:&quot;boxed&quot;}\">\n\t\t\t\t\t<div class=\"e-con-inner\">\n\t\t\t\t<div class=\"elementor-element elementor-element-0860daf elementor-widget elementor-widget-Wpresidence_Filter_List_Properties_v6\" data-id=\"0860daf\" data-element_type=\"widget\" data-widget_type=\"Wpresidence_Filter_List_Properties_v6.default\">\n\t\t\t\t<div class=\"elementor-widget-container\">\n\t\t\t        <div class=\"listing_filters_head\">\n        <input type=\"hidden\" id=\"page_idx\" value=\"21348\">\n\n\n                <div class=\"dropdown listing_filter_select filter_action_category\" >\n                  <div data-toggle=\"dropdown\" id=\"a_filter_action\" class=\"filter_menu_trigger\" data-value=\"auslandsimmobilien-grundstueck\"> Auslandsimmobilien   Grundst\u00fcck <span class=\"caret caret_filter\"><\/span> <\/div>\n                  <ul  class=\"dropdown-menu filter_menu\" role=\"menu\" aria-labelledby=\"a_filter_action\">\n                      <li role=\"presentation\" data-value=\"all\">Types<\/li><li role=\"presentation\" data-value=\"auslandsimmobilie-haus\">Auslandsimmobilie - Haus<\/li><li role=\"presentation\" data-value=\"auslandsimmobilie-haeuser\">Auslandsimmobilie - H\u00e4user<\/li><li role=\"presentation\" data-value=\"auslandsimmobilie-villa\">Auslandsimmobilie - Villa<\/li><li role=\"presentation\" data-value=\"auslandsimmobilie-wohnung\">Auslandsimmobilie - Wohnung<\/li><li role=\"presentation\" data-value=\"auslandsimmobilien\">Auslandsimmobilien<\/li><li role=\"presentation\" data-value=\"auslandsimmobilien-grundstueck\"   > - Auslandsimmobilien - Grundst\u00fcck<\/li><li role=\"presentation\" data-value=\"bueros\">B\u00fcros<\/li><li role=\"presentation\" data-value=\"dhh\">DHH<\/li><li role=\"presentation\" data-value=\"efh\">EFH<\/li><li role=\"presentation\" data-value=\"etw\">ETW<\/li><li role=\"presentation\" data-value=\"gewerbe\">Gewerbe<\/li><li role=\"presentation\" data-value=\"gewerbe-anlageobjekte\">Gewerbe - Anlageobjekte<\/li><li role=\"presentation\" data-value=\"grundstueck\">Grundst\u00fcck<\/li><li role=\"presentation\" data-value=\"mfh\">MFH<\/li><li role=\"presentation\" data-value=\"rh\">RH<\/li><li role=\"presentation\" data-value=\"vermietete-eigentumswohnungen-renditeobjekt\">Vermietete Eigentumswohnungen - Renditeobjekt<\/li><li role=\"presentation\" data-value=\"villa\">Villa<\/li><li role=\"presentation\" data-value=\"whg\">Whg.<\/li><li role=\"presentation\" data-value=\"wohn-und-geschaeftshaeuser-renditeobjekt\">Wohn- Und Gesch\u00e4ftsh\u00e4user - Renditeobjekt<\/li>                  <\/ul>\n                <\/div>\n\n                <div class=\"dropdown listing_filter_select filter_category\" >\n                  <div data-toggle=\"dropdown\" id=\"a_filter_categ\" class=\"filter_menu_trigger\" data-value=\"verkauf\"> Verkauf <span class=\"caret caret_filter\"><\/span> <\/div>\n                  <ul  class=\"dropdown-menu filter_menu\" role=\"menu\" aria-labelledby=\"a_filter_categ\">\n                      <li role=\"presentation\" data-value=\"all\">Kategorie<\/li><li role=\"presentation\" data-value=\"verkauf\">Verkauf<\/li><li role=\"presentation\" data-value=\"vermietung\">Vermietung<\/li>                  <\/ul>\n                <\/div>\n\n\n                <div class=\"dropdown listing_filter_select filter_county\" >\n                  <div data-toggle=\"dropdown\" id=\"a_filter_county\" class=\"filter_menu_trigger\" data-value=\"States\"> Status <span class=\"caret caret_filter\"><\/span> <\/div>\n                  <ul id=\"filter_county\" class=\"dropdown-menu filter_menu\" role=\"menu\" aria-labelledby=\"a_filter_county\">\n                      <li role=\"presentation\" data-value=\"all\" data-value2=\"all\">States<\/li><li role=\"presentation\" data-value=\"berlin\" data-value2=\"berlin\">Berlin<\/li>                  <\/ul>\n                <\/div>\n\n\n                <div class=\"dropdown listing_filter_select filter_city\" >\n                  <div data-toggle=\"dropdown\" id=\"a_filter_cities\" class=\"filter_menu_trigger\" data-value=\"Cities\"> St\u00e4dte <span class=\"caret caret_filter\"><\/span> <\/div>\n                  <ul id=\"filter_city\" class=\"dropdown-menu filter_menu\" role=\"menu\" aria-labelledby=\"a_filter_cities\">\n                      <li role=\"presentation\" data-value=\"all\" data-value2=\"all\">Cities<\/li><li role=\"presentation\" data-value=\"17389\" data-value2=\"17389\" data-parentcounty=\"\">17389<\/li><li role=\"presentation\" data-value=\"29600-spanien-marbella\" data-value2=\"29600-spanien-marbella\" data-parentcounty=\"\">29600 Spanien-Marbella<\/li><li role=\"presentation\" data-value=\"alanya\" data-value2=\"alanya\" data-parentcounty=\"\">Alanya<\/li><li role=\"presentation\" data-value=\"anklam\" data-value2=\"anklam\" data-parentcounty=\"\">Anklam<\/li><li role=\"presentation\" data-value=\"antalya\" data-value2=\"antalya\" data-parentcounty=\"\">Antalya<\/li><li role=\"presentation\" data-value=\"bayern\" data-value2=\"bayern\" data-parentcounty=\"0\">Bayern<\/li><li role=\"presentation\" data-value=\"berlin\" data-value2=\"berlin\" data-parentcounty=\"0\">Berlin<\/li><li role=\"presentation\" data-value=\"berlin-rudow\" data-value2=\"berlin-rudow\" data-parentcounty=\"\">Berlin - Rudow<\/li><li role=\"presentation\" data-value=\"berlinin\" data-value2=\"berlinin\" data-parentcounty=\"\">Berlinin<\/li><li role=\"presentation\" data-value=\"brandenburg\" data-value2=\"brandenburg\" data-parentcounty=\"berlin\">Brandenburg<\/li><li role=\"presentation\" data-value=\"brandenburg-chorin\" data-value2=\"brandenburg-chorin\" data-parentcounty=\"\">Brandenburg-Chorin<\/li><li role=\"presentation\" data-value=\"chemnitz\" data-value2=\"chemnitz\" data-parentcounty=\"\">Chemnitz<\/li><li role=\"presentation\" data-value=\"kremmen\" data-value2=\"kremmen\" data-parentcounty=\"\">Kremmen<\/li><li role=\"presentation\" data-value=\"lapta\" data-value2=\"lapta\" data-parentcounty=\"\">Lapta<\/li><li role=\"presentation\" data-value=\"leipzig\" data-value2=\"leipzig\" data-parentcounty=\"\">Leipzig<\/li><li role=\"presentation\" data-value=\"litzendorf\" data-value2=\"litzendorf\" data-parentcounty=\"0\">Litzendorf<\/li><li role=\"presentation\" data-value=\"marlow\" data-value2=\"marlow\" data-parentcounty=\"\">Marlow<\/li><li role=\"presentation\" data-value=\"meisdorf\" data-value2=\"meisdorf\" data-parentcounty=\"\">Meisdorf<\/li><li role=\"presentation\" data-value=\"sachsen\" data-value2=\"sachsen\" data-parentcounty=\"\">Sachsen<\/li><li role=\"presentation\" data-value=\"schoenefeld\" data-value2=\"schoenefeld\" data-parentcounty=\"\">Sch\u00f6nefeld<\/li><li role=\"presentation\" data-value=\"testour\" data-value2=\"testour\" data-parentcounty=\"gouvernement-beja\">Testour<\/li>                  <\/ul>\n                <\/div>\n\n\n                <div class=\"dropdown listing_filter_select filter_area\" >\n                  <div data-toggle=\"dropdown\" id=\"a_filter_areas\" class=\"filter_menu_trigger\" data-value=\"Areas\">Bereiche<span class=\"caret caret_filter\"><\/span> <\/div>\n                  <ul id=\"filter_area\" class=\"dropdown-menu filter_menu\" role=\"menu\" aria-labelledby=\"a_filter_areas\">\n                      <li role=\"presentation\" data-value=\"all\">Areas<\/li><li role=\"presentation\" data-value=\"12353-berlin-rudow\" data-parentcity=\"berlin-rudow\">12353 Berlin-Rudow<\/li><li role=\"presentation\" data-value=\"12357\" data-parentcity=\"berlin\">12357<\/li><li role=\"presentation\" data-value=\"all\" data-parentcity=\"brandenburg\">All<\/li><li role=\"presentation\" data-value=\"charlottenburg\" data-parentcity=\"\">Charlottenburg<\/li><li role=\"presentation\" data-value=\"marzahn\" data-parentcity=\"berlin\">Marzahn<\/li><li role=\"presentation\" data-value=\"mitte\" data-parentcity=\"berlin\">Mitte<\/li><li role=\"presentation\" data-value=\"steglitz\" data-parentcity=\"berlin\">Steglitz<\/li><li role=\"presentation\" data-value=\"tempelhof\" data-parentcity=\"\">Tempelhof<\/li><li role=\"presentation\" data-value=\"treptow-kopenick\" data-parentcity=\"\">Treptow-K\u00f6penick<\/li>                  <\/ul>\n                <\/div>\n\n\n\n        <div class=\"dropdown listing_filter_select order_filter \">\n            <div data-toggle=\"dropdown\" id=\"a_filter_order\" class=\"filter_menu_trigger\" data-value=\"0\"> Default <span class=\"caret caret_filter\"><\/span> <\/div>\n             <ul id=\"filter_order\" class=\"dropdown-menu filter_menu\" role=\"menu\" aria-labelledby=\"a_filter_order\">\n                 <li role=\"presentation\" data-value=\"1\">Price High to Low<\/li><li role=\"presentation\" data-value=\"2\">Price Low to High<\/li><li role=\"presentation\" data-value=\"3\">Newest first<\/li><li role=\"presentation\" data-value=\"4\">Oldest first<\/li><li role=\"presentation\" data-value=\"11\">Newest Edited<\/li><li role=\"presentation\" data-value=\"12\">Oldest Edited <\/li><li role=\"presentation\" data-value=\"5\">Bedrooms High to Low<\/li><li role=\"presentation\" data-value=\"6\">Bedrooms Low to high<\/li><li role=\"presentation\" data-value=\"7\">Bathrooms High to Low<\/li><li role=\"presentation\" data-value=\"8\">Bathrooms Low to high<\/li><li role=\"presentation\" data-value=\"0\">Default<\/li>             <\/ul>\n        <\/div>\n\n\n        \n        <div class=\"listing_filter_select listing_filter_views grid_filter_wiew\">\n            <div id=\"grid_view\" class=\"icon_selected\">\n            <i class=\"fa-solid fa-grip-vertical\"><\/i>\n            <\/div>\n        <\/div>\n\n        <div class=\"listing_filter_select listing_filter_views list_filter_wiew\">\n             <div id=\"list_view\" class=\"\">\n                <i class=\"fas fa-bars\"><\/i>\n             <\/div>\n        <\/div>\n          <div data-toggle=\"dropdown\" id=\"a_filter_county\" class=\"\" data-value=\"States\"><\/div>\n    <\/div>\n    <div class=\"wpestate_filter_list_properties_wrapper\" data-ishortcode=\"1\" data-number=\"9\"  data-rownumber=\"3\" data-card_version=\"5\" data-align=\"vertical\">\n        <div class=\"spinner\" id=\"listing_loader2\">\n            <div class=\"new_prelader\"><\/div>\n        <\/div>\n    <\/div>\t\t<\/div>\n\t\t\t\t<\/div>\n\t\t\t\t\t<\/div>\n\t\t\t\t<\/div>\n\t\t\t\t\t\t\t<\/div>\n\t\t","protected":false},"excerpt":{"rendered":"<p>Auch im internationalen Raum bietet Ihnen Muzi Immobilien ein Angebot an unterschiedlichsten Immobilien. Falls Ihnen ein bestimmtes Objekt ins Auge f\u00e4llt, fordern Sie einfach das entsprechende Expos\u00e9 an und nehmen Sie Kontakt zum angegebenen Ansprechpartner auf. Abk\u00fcrzungsverzeichnis zum Nachschlagen Auslandsimmobilien Grundst\u00fcck Art Auslandsimmobilie &#8211; Haus Auslandsimmobilie &#8211; Villa Auslandsimmobilie &#8211; Wohnung Auslandsimmobilien &#8211; Auslandsimmobilien &#8211; Grundst\u00fcck &#8211; Auslandsimmobilien &#8211; H\u00e4user &#8211; Auslandsimmobilien &#8211; Villen &#8230;<\/p>\n","protected":false},"author":1,"featured_media":0,"parent":0,"menu_order":0,"comment_status":"closed","ping_status":"closed","template":"","meta":{"footnotes":""},"class_list":["post-21348","page","type-page","status-publish","hentry"],"acf":[],"yoast_head":"<!-- This site is optimized with the Yoast SEO plugin v21.1 - https:\/\/yoast.com\/wordpress\/plugins\/seo\/ -->\n<title>Grundst\u00fcck - Ausland - Muzi Berlin Immobilien &amp; Finanzdienst e.K.<\/title>\n<meta name=\"robots\" content=\"index, follow, max-snippet:-1, max-image-preview:large, max-video-preview:-1\" \/>\n<link rel=\"canonical\" href=\"https:\/\/www.muzi-berlin.de\/de\/grundstueck-ausland\/\" \/>\n<meta property=\"og:locale\" content=\"de_DE\" \/>\n<meta property=\"og:type\" content=\"article\" \/>\n<meta property=\"og:title\" content=\"Grundst\u00fcck - Ausland - Muzi Berlin Immobilien &amp; Finanzdienst e.K.\" \/>\n<meta property=\"og:description\" content=\"Auch im internationalen Raum bietet Ihnen Muzi Immobilien ein Angebot an unterschiedlichsten Immobilien. Falls Ihnen ein bestimmtes Objekt ins Auge f\u00e4llt, fordern Sie einfach das entsprechende Expos\u00e9 an und nehmen Sie Kontakt zum angegebenen Ansprechpartner auf. Abk\u00fcrzungsverzeichnis zum Nachschlagen Auslandsimmobilien Grundst\u00fcck Art Auslandsimmobilie &#8211; Haus Auslandsimmobilie &#8211; Villa Auslandsimmobilie &#8211; Wohnung Auslandsimmobilien &#8211; Auslandsimmobilien &#8211; Grundst\u00fcck &#8211; Auslandsimmobilien &#8211; H\u00e4user &#8211; Auslandsimmobilien &#8211; Villen ...\" \/>\n<meta property=\"og:url\" content=\"https:\/\/www.muzi-berlin.de\/de\/grundstueck-ausland\/\" \/>\n<meta property=\"og:site_name\" content=\"Muzi Berlin Immobilien &amp; Finanzdienst e.K.\" \/>\n<meta property=\"article:modified_time\" content=\"2023-06-30T12:39:08+00:00\" \/>\n<meta name=\"twitter:card\" content=\"summary_large_image\" \/>\n<meta name=\"twitter:label1\" content=\"Gesch\u00e4tzte Lesezeit\" \/>\n\t<meta name=\"twitter:data1\" content=\"1\u00a0Minute\" \/>\n<script type=\"application\/ld+json\" class=\"yoast-schema-graph\">{\"@context\":\"https:\/\/schema.org\",\"@graph\":[{\"@type\":\"WebPage\",\"@id\":\"https:\/\/www.muzi-berlin.de\/grundstueck-ausland\/\",\"url\":\"https:\/\/www.muzi-berlin.de\/grundstueck-ausland\/\",\"name\":\"Grundst\u00fcck - Ausland - Muzi Berlin Immobilien &amp; Finanzdienst e.K.\",\"isPartOf\":{\"@id\":\"https:\/\/www.muzi-berlin.de\/de\/#website\"},\"datePublished\":\"2023-04-25T10:01:33+00:00\",\"dateModified\":\"2023-06-30T12:39:08+00:00\",\"breadcrumb\":{\"@id\":\"https:\/\/www.muzi-berlin.de\/grundstueck-ausland\/#breadcrumb\"},\"inLanguage\":\"de\",\"potentialAction\":[{\"@type\":\"ReadAction\",\"target\":[\"https:\/\/www.muzi-berlin.de\/grundstueck-ausland\/\"]}]},{\"@type\":\"BreadcrumbList\",\"@id\":\"https:\/\/www.muzi-berlin.de\/grundstueck-ausland\/#breadcrumb\",\"itemListElement\":[{\"@type\":\"ListItem\",\"position\":1,\"name\":\"Startseite\",\"item\":\"https:\/\/www.muzi-berlin.de\/de\/\"},{\"@type\":\"ListItem\",\"position\":2,\"name\":\"Grundst\u00fcck &#8211; Ausland\"}]},{\"@type\":\"WebSite\",\"@id\":\"https:\/\/www.muzi-berlin.de\/de\/#website\",\"url\":\"https:\/\/www.muzi-berlin.de\/de\/\",\"name\":\"Muzi - Berlin Immobilien & Finanzdienst e.K.\",\"description\":\"\",\"publisher\":{\"@id\":\"https:\/\/www.muzi-berlin.de\/de\/#organization\"},\"potentialAction\":[{\"@type\":\"SearchAction\",\"target\":{\"@type\":\"EntryPoint\",\"urlTemplate\":\"https:\/\/www.muzi-berlin.de\/de\/?s={search_term_string}\"},\"query-input\":\"required name=search_term_string\"}],\"inLanguage\":\"de\"},{\"@type\":\"Organization\",\"@id\":\"https:\/\/www.muzi-berlin.de\/de\/#organization\",\"name\":\"Muzi - Berlin Immobilien & Finanzdienst e.K.\",\"url\":\"https:\/\/www.muzi-berlin.de\/de\/\",\"logo\":{\"@type\":\"ImageObject\",\"inLanguage\":\"de\",\"@id\":\"https:\/\/www.muzi-berlin.de\/de\/#\/schema\/logo\/image\/\",\"url\":\"https:\/\/www.muzi-berlin.de\/wp-content\/uploads\/2023\/08\/465MBuberarbeitet-1-scaled.jpg\",\"contentUrl\":\"https:\/\/www.muzi-berlin.de\/wp-content\/uploads\/2023\/08\/465MBuberarbeitet-1-scaled.jpg\",\"width\":2560,\"height\":792,\"caption\":\"Muzi - Berlin Immobilien & Finanzdienst e.K.\"},\"image\":{\"@id\":\"https:\/\/www.muzi-berlin.de\/de\/#\/schema\/logo\/image\/\"}}]}<\/script>\n<!-- \/ Yoast SEO plugin. -->","yoast_head_json":{"title":"Grundst\u00fcck - Ausland - Muzi Berlin Immobilien &amp; Finanzdienst e.K.","robots":{"index":"index","follow":"follow","max-snippet":"max-snippet:-1","max-image-preview":"max-image-preview:large","max-video-preview":"max-video-preview:-1"},"canonical":"https:\/\/www.muzi-berlin.de\/de\/grundstueck-ausland\/","og_locale":"de_DE","og_type":"article","og_title":"Grundst\u00fcck - Ausland - Muzi Berlin Immobilien &amp; Finanzdienst e.K.","og_description":"Auch im internationalen Raum bietet Ihnen Muzi Immobilien ein Angebot an unterschiedlichsten Immobilien. Falls Ihnen ein bestimmtes Objekt ins Auge f\u00e4llt, fordern Sie einfach das entsprechende Expos\u00e9 an und nehmen Sie Kontakt zum angegebenen Ansprechpartner auf. Abk\u00fcrzungsverzeichnis zum Nachschlagen Auslandsimmobilien Grundst\u00fcck Art Auslandsimmobilie &#8211; Haus Auslandsimmobilie &#8211; Villa Auslandsimmobilie &#8211; Wohnung Auslandsimmobilien &#8211; Auslandsimmobilien &#8211; Grundst\u00fcck &#8211; Auslandsimmobilien &#8211; H\u00e4user &#8211; Auslandsimmobilien &#8211; Villen ...","og_url":"https:\/\/www.muzi-berlin.de\/de\/grundstueck-ausland\/","og_site_name":"Muzi Berlin Immobilien &amp; Finanzdienst e.K.","article_modified_time":"2023-06-30T12:39:08+00:00","twitter_card":"summary_large_image","twitter_misc":{"Gesch\u00e4tzte Lesezeit":"1\u00a0Minute"},"schema":{"@context":"https:\/\/schema.org","@graph":[{"@type":"WebPage","@id":"https:\/\/www.muzi-berlin.de\/grundstueck-ausland\/","url":"https:\/\/www.muzi-berlin.de\/grundstueck-ausland\/","name":"Grundst\u00fcck - Ausland - Muzi Berlin Immobilien &amp; Finanzdienst e.K.","isPartOf":{"@id":"https:\/\/www.muzi-berlin.de\/de\/#website"},"datePublished":"2023-04-25T10:01:33+00:00","dateModified":"2023-06-30T12:39:08+00:00","breadcrumb":{"@id":"https:\/\/www.muzi-berlin.de\/grundstueck-ausland\/#breadcrumb"},"inLanguage":"de","potentialAction":[{"@type":"ReadAction","target":["https:\/\/www.muzi-berlin.de\/grundstueck-ausland\/"]}]},{"@type":"BreadcrumbList","@id":"https:\/\/www.muzi-berlin.de\/grundstueck-ausland\/#breadcrumb","itemListElement":[{"@type":"ListItem","position":1,"name":"Startseite","item":"https:\/\/www.muzi-berlin.de\/de\/"},{"@type":"ListItem","position":2,"name":"Grundst\u00fcck &#8211; Ausland"}]},{"@type":"WebSite","@id":"https:\/\/www.muzi-berlin.de\/de\/#website","url":"https:\/\/www.muzi-berlin.de\/de\/","name":"Muzi - Berlin Immobilien & Finanzdienst e.K.","description":"","publisher":{"@id":"https:\/\/www.muzi-berlin.de\/de\/#organization"},"potentialAction":[{"@type":"SearchAction","target":{"@type":"EntryPoint","urlTemplate":"https:\/\/www.muzi-berlin.de\/de\/?s={search_term_string}"},"query-input":"required name=search_term_string"}],"inLanguage":"de"},{"@type":"Organization","@id":"https:\/\/www.muzi-berlin.de\/de\/#organization","name":"Muzi - Berlin Immobilien & Finanzdienst e.K.","url":"https:\/\/www.muzi-berlin.de\/de\/","logo":{"@type":"ImageObject","inLanguage":"de","@id":"https:\/\/www.muzi-berlin.de\/de\/#\/schema\/logo\/image\/","url":"https:\/\/www.muzi-berlin.de\/wp-content\/uploads\/2023\/08\/465MBuberarbeitet-1-scaled.jpg","contentUrl":"https:\/\/www.muzi-berlin.de\/wp-content\/uploads\/2023\/08\/465MBuberarbeitet-1-scaled.jpg","width":2560,"height":792,"caption":"Muzi - Berlin Immobilien & Finanzdienst e.K."},"image":{"@id":"https:\/\/www.muzi-berlin.de\/de\/#\/schema\/logo\/image\/"}}]}},"_links":{"self":[{"href":"https:\/\/www.muzi-berlin.de\/de\/wp-json\/wp\/v2\/pages\/21348","targetHints":{"allow":["GET"]}}],"collection":[{"href":"https:\/\/www.muzi-berlin.de\/de\/wp-json\/wp\/v2\/pages"}],"about":[{"href":"https:\/\/www.muzi-berlin.de\/de\/wp-json\/wp\/v2\/types\/page"}],"author":[{"embeddable":true,"href":"https:\/\/www.muzi-berlin.de\/de\/wp-json\/wp\/v2\/users\/1"}],"replies":[{"embeddable":true,"href":"https:\/\/www.muzi-berlin.de\/de\/wp-json\/wp\/v2\/comments?post=21348"}],"version-history":[{"count":0,"href":"https:\/\/www.muzi-berlin.de\/de\/wp-json\/wp\/v2\/pages\/21348\/revisions"}],"wp:attachment":[{"href":"https:\/\/www.muzi-berlin.de\/de\/wp-json\/wp\/v2\/media?parent=21348"}],"curies":[{"name":"wp","href":"https:\/\/api.w.org\/{rel}","templated":true}]}}