{"id":5275,"date":"2014-05-24T13:51:08","date_gmt":"2014-05-24T13:51:08","guid":{"rendered":"http:\/\/wpresidence.net\/?page_id=9"},"modified":"2025-02-06T11:04:18","modified_gmt":"2025-02-06T11:04:18","slug":"agbs-2","status":"publish","type":"page","link":"https:\/\/www.muzi-berlin.de\/de\/agbs-2\/","title":{"rendered":"AGBs"},"content":{"rendered":"<p><strong>Allgemeine Gesch\u00e4ftsbedingungen (AGB)<br \/>\n<\/strong><\/p>\n<p>Der Maklervertrag mit uns kommt durch die Inanspruchnahme unserer Maklert\u00e4tigkeit auf der Basis des Objekt-Expos\u00e9s und seiner Bedingungen zustande. Die Angaben beruhen auf den uns \u00fcberlassenen Informationen und k\u00f6nnen eine eigene Objektpr\u00fcfung nicht ersetzen. Eine Haftung f\u00fcr die Richtigkeit und Vollst\u00e4ndigkeit k\u00f6nnen wir nicht \u00fcbernehmen. Irrtum und \u00c4nderungen der Informationen behalten wir uns ausdr\u00fccklich vor. Wir k\u00f6nnen deshalb keine Gew\u00e4hr daf\u00fcr \u00fcbernehmen.<\/p>\n<p><strong>Widerrufsbelehrung nach EU-Verbraucherrichtlinie!<\/strong><br \/>\nAufgrund gesetzlicher Vorgaben m\u00fcssen wir Sie mit nachfolgendem Text dar\u00fcber belehren, dass Sie ein gesetzliches Widerrufsrecht haben.<\/p>\n<p>Die Versendung eines Expos\u00e9s ist unverbindlich und kostenfrei.<\/p>\n<p>Es k\u00f6nnen f\u00fcr Sie nur dann Kosten entstehen, wenn es zu einem notariellen Vertragsabschluss oder Mietvertragsschlie\u00dfung einer von uns nachgewiesenen Immobilie kommt.<\/p>\n<p><strong>HINWEIS:<\/strong><br \/>\nAlle Angaben sind ohne Gew\u00e4hr und basieren ausschlie\u00dflich auf Informationen, die uns von unserem Auftraggeber \u00fcbermittelt wurden. Wir \u00fcbernehmen keine Haftung f\u00fcr die Vollst\u00e4ndigkeit, Richtigkeit und Aktualit\u00e4t dieser Angaben. Ein Zwischenverkauf bleibt vorbehalten. Sollte das von uns nachgewiesene Objekt bereits bekannt sein, teilen Sie uns dieses bitte unverz\u00fcglich mit. Die Weitergabe dieses Expos\u00e9s an Dritte ohne unsere Zustimmung l\u00f6st gegebenenfalls Courtage bzw. Schadenersatzanspr\u00fcche aus.<\/p>\n<p><strong>WIDERRUFSRECHT:<\/strong><br \/>\nSie haben das Recht, binnen vierzehn Tagen ohne Angabe von Gr\u00fcnden diesen Vertrag zu widerrufen. Die Widerrufsfrist betr\u00e4gt vierzehn Tage ab dem Tag des Vertragsabschlusses. Um Ihr Widerrufsrecht auszu\u00fcben, m\u00fcssen Sie uns den u.g. Muster-Widerrufsformular zur\u00fccksenden.<\/p>\n<p>An:<br \/>\nMuzi-Berlin Immobilien &amp; Finanzdienst e.K.<br \/>\nBeckerstra\u00dfe 3, 12157 Berlin, Tel.: 030-236 266 15, Fax: 030-236 266 15,<br \/>\nE-Mail: info@muzi-berlin.de, Internet: www.muzi-berlin.de<\/p>\n<p>Hiermit widerrufe(n) ich\/wir (*) den von mir\/uns (*) abgeschlossenen Vertrag \u00fcber den<br \/>\nKauf der folgenden Waren (*)\/ die Erbringung der folgenden Dienstleistung (*)<\/p>\n<p>Bestellt am (*)\/ erhalten am (*)______________________________________________<br \/>\nName des\/der Verbraucher(s)______________________________________________<br \/>\nAnschrift des\/der Verbraucher(s)____________________________________________<br \/>\nUnterschrift des\/der Verbraucher(s) (nur bei Mitteilung auf Papier)<br \/>\nDatum und Unterschrift___________________________________________________<br \/>\n(*) Unzutreffendes streichen<\/p>\n<p>mittels einer eindeutigen Erkl\u00e4rung (z.B. ein mit der Post versandter Brief, Telefax oder Email) \u00fcber Ihren Entschluss, den Vertrag zu widerrufen, informieren. Zur Wahrung der Widerrufsfrist reicht es aus, dass Sie die Mitteilung \u00fcber die Aus\u00fcbung des Widerrufsrechts vor Ablauf der Widerrufsfrist absenden.<\/p>\n<p>Wenn Sie diesen Vertrag widerrufen, haben wir Ihnen alle Zahlungen, die wir von Ihnen erhalten haben, unverz\u00fcglich und sp\u00e4testens binnen vierzehn Tagen ab dem Tag zur\u00fcckzuzahlen, an dem die Mitteilung \u00fcber Ihren Widerruf dieses Vertrags bei uns eingegangen ist. Haben Sie ausdr\u00fccklich verlangt, dass die Dienstleistung w\u00e4hrend der Widerrufsfrist beginnen soll, so haben Sie uns einen angemessenen Betrag zu zahlen, der dem Anteil der bis zu dem Zeitpunkt, zu dem Sie uns von der Aus\u00fcbung des Widerrufsrechts hinsichtlich dieses Vertrags unterrichten, bereits erbrachten Dienstleistungen im Vergleich zum Gesamtumfang der im Vertrag vorgesehenen Dienstleistungen entspricht.<\/p>\n<p><strong>\u00a7 1 Weitergabeverbot<\/strong><br \/>\nS\u00e4mtliche Informationen einschlie\u00dflich der Objektnachweise des Maklers sind ausschlie\u00dflich f\u00fcr den Kunden bestimmt. Diesem ist es ausdr\u00fccklich untersagt, die Objektnachweise und Objektinformationen ohne ausdr\u00fcckliche Zustimmung des Maklers, die zuvor schriftlich erteilt werden muss, an Dritte weiter zu geben.<\/p>\n<p>Verst\u00f6\u00dft der Kunde gegen diese Verpflichtung und schlie\u00dft der Dritte oder andere Personen, an die der Dritte seinerseits die Informationen weitergegeben hat, den Hauptvertrag ab, so ist der Kunde verpflichtet, dem Makler die mit ihm vereinbarte Provision zuz\u00fcglich Mehrwertsteuer zu entrichten.<\/p>\n<p><strong>\u00a7 2 Doppelt\u00e4tigkeit<\/strong><br \/>\nDer Makler darf sowohl f\u00fcr den Verk\u00e4ufer als auch f\u00fcr den K\u00e4ufer t\u00e4tig werden, ebenso f\u00fcr den Vermieter als auch den Mieter.<\/p>\n<p><strong>\u00a7 3 Eigent\u00fcmerangaben<\/strong><br \/>\nDer Makler weist darauf hin, dass die von ihm weitergegebenen Objektinformationen vom Verk\u00e4ufer bzw. von einem vom Verk\u00e4ufer beauftragten Dritten stammen und von ihm, dem Makler, auf ihre Richtigkeit nicht \u00fcberpr\u00fcft worden sind. Es ist Sache des Kunden, diese Angaben auf ihre Richtigkeit hin zu \u00fcberpr\u00fcfen. Der Makler, der diese Informationen nur weitergibt, \u00fcbernimmt f\u00fcr die Richtigkeit keinerlei Haftung.<\/p>\n<p><strong>\u00a7 4 Haftungsbegrenzung<br \/>\n<\/strong>Die Haftung des Maklers wird auf grob fahrl\u00e4ssiges oder vors\u00e4tzliches Verhalten begrenzt, soweit der Kunde durch das Verhalten des Maklers keinen K\u00f6rperschaden erleidet oder sein Leben verliert.<strong><br \/>\n<\/strong><\/p>\n<p><strong>\u00a7 5 Verj\u00e4hrung<br \/>\n<\/strong>Die Verj\u00e4hrungsfrist f\u00fcr alle Schadenersatzanspr\u00fcche des Kunden gegen den Makler betr\u00e4gt 3 Jahre. Sie beginnt mit dem Zeitpunkt, in dem die die Schadenersatzverpflichtung ausl\u00f6sende Handlung begangen worden ist. Sollten die gesetzlichen Verj\u00e4hrungsregelungen im Einzelfall f\u00fcr den Makler zu einer k\u00fcrzeren Verj\u00e4hrung f\u00fchren, gelten diese.<\/p>\n<p><strong>\u00a7 6 Gerichtsstand<br \/>\n<\/strong>Sind Makler und Kunde Vollkaufleute im Sinne des Handelsgesetzbuchs, so ist als Erf\u00fcllungsort f\u00fcr alle aus dem Vertragsverh\u00e4ltnis herr\u00fchrenden Verpflichtungen und Anspr\u00fcche und als Gerichtsstand der Firmensitz des Maklers vereinbart.<\/p>\n<p><strong>\u00a7 7 Salvatorische Klausel<br \/>\n<\/strong>Sollte eine oder mehrere der vorstehenden Bestimmungen ung\u00fcltig sein, so soll die Wirksamkeit der \u00fcbrigen Bestimmung hiervon nicht ber\u00fchrt werden. Dies gilt auch, wenn innerhalb einer Regelung ein Teil unwirksam ist, ein anderer Teil aber wirksam. Die jeweils unwirksame Bestimmung soll zwischen den Parteien durch eine Regelung ersetzt werden, die den wirtschaftlichen Interessen der Vertragsparteien am n\u00e4chsten kommt und im \u00dcbrigen den vertraglichen Vereinbarungen nicht zuwider l\u00e4uft.<\/p>\n<p><strong>AGB\u00b4s\/ Allgemeine Gesch\u00e4ftsbedingungen \/ Muzi-Berlin Immobilien &amp; Finanzdienst e. K.<\/strong><\/p>\n<p>Beckerstra\u00dfe 3 ; 12157 Berlin. Vordruck: 05\/2015<br \/>\nMuzi-Berlin Immobilien &amp; Finanzdienst e. K.- IVD Mitglied<br \/>\nEingetragen beim Amtsgericht Berlin-Charlottenburg HRA 34619<br \/>\nGesch\u00e4ftsf\u00fchrer: Muzaffer Y\u00fczg\u00fclec<br \/>\nBeckerstra\u00dfe 3,12157 Berlin<br \/>\nTel. 030 \/ 236 26 615 | Tel. 030 \/ 236 26 616 | Fax 030 \/ 236 26 617<br \/>\nE-Mail: info@muzi-berlin.de<\/p>\n<p>Diese Datenschutzrichtlinie regelt die Art und Weise, in der Real Estate WordPress Theme von Benutzern (jeweils ein &#8220;Benutzer&#8221;) der Website (&#8220;Site&#8221;) gesammelte Informationen sammelt, verwendet, pflegt und weitergibt. Diese Datenschutzrichtlinie gilt f\u00fcr die Website und alle Produkte und Dienstleistungen, die von Real Estate WordPress Theme angeboten werden.<\/p>\n<p><b>Pers\u00f6nliche Identifikationsdaten<\/b><\/p>\n<p>Wir k\u00f6nnen personenbezogene Daten von Benutzern auf verschiedene Weise im Zusammenhang mit Aktivit\u00e4ten, Diensten, Funktionen oder Ressourcen sammeln, die wir auf unserer Website zur Verf\u00fcgung stellen. Benutzer k\u00f6nnen unsere Website anonym besuchen. Wir werden personenbezogene Daten von Benutzern nur dann sammeln, wenn sie uns diese Informationen freiwillig \u00fcbermitteln. Benutzer k\u00f6nnen sich jederzeit weigern, personenbezogene Daten anzugeben, mit der Ausnahme, dass sie dadurch m\u00f6glicherweise nicht an bestimmten Aktivit\u00e4ten im Zusammenhang mit der Website teilnehmen k\u00f6nnen.<\/p>\n<p><b>Nicht personenbezogene Identifikationsdaten<\/b><\/p>\n<p>Wir k\u00f6nnen nicht personenbezogene Identifikationsinformationen \u00fcber Benutzer sammeln, wenn diese mit unserer Website interagieren. Zu den nicht personenbezogenen Identifikationsinformationen k\u00f6nnen der Browsername, der Computertyp und technische Informationen zu den Verbindungsmitteln des Benutzers zu unserer Website geh\u00f6ren, z. B. das Betriebssystem und die verwendeten Internetdienstanbieter sowie andere \u00e4hnliche Informationen.<\/p>\n<p><b>Webbrowser-Cookies<\/b><\/p>\n<p>Unsere Website verwendet m\u00f6glicherweise &#8220;Cookies&#8221;, um die Benutzererfahrung zu verbessern. Der Webbrowser des Benutzers legt Cookies auf seiner Festplatte ab, um Aufzeichnungen zu f\u00fchren und manchmal Informationen \u00fcber sie zu verfolgen. Der Benutzer kann festlegen, dass sein Webbrowser Cookies ablehnt oder Sie benachrichtigt, wenn Cookies gesendet werden. Beachten Sie in diesem Fall, dass einige Teile der Website m\u00f6glicherweise nicht ordnungsgem\u00e4\u00df funktionieren.<\/p>\n<p><b>Wie wir Ihre Daten sch\u00fctzen<\/b><\/p>\n<p>Wir ergreifen geeignete Verfahren zur Erfassung, Speicherung und Verarbeitung von Daten sowie Sicherheitsma\u00dfnahmen, um den unbefugten Zugriff, die \u00c4nderung, Offenlegung oder Zerst\u00f6rung Ihrer auf unserer Website gespeicherten pers\u00f6nlichen Daten, Benutzernamen, Passw\u00f6rter, Transaktionsinformationen und Daten zu verhindern.<\/p>\n<p><b>Teilen Sie Ihre pers\u00f6nlichen Daten<\/b><\/p>\n<p>Wir verkaufen, handeln oder vermieten keine pers\u00f6nlichen Identifikationsdaten von Benutzern an Dritte. Wir k\u00f6nnen generische aggregierte demografische Informationen, die nicht mit pers\u00f6nlichen Identifikationsinformationen zu Besuchern und Benutzern verkn\u00fcpft sind, f\u00fcr die oben genannten Zwecke an unsere Gesch\u00e4ftspartner, vertrauensw\u00fcrdigen Partner und Werbetreibenden weitergeben.<\/p>\n<p><b>\u00c4nderungen dieser Datenschutzrichtlinie<\/b><\/p>\n<p>Es liegt im Ermessen von Real Estate WordPress Theme, diese Datenschutzrichtlinie jederzeit zu aktualisieren. Wenn wir dies tun, werden wir das aktualisierte Datum am Ende dieser Seite \u00fcberarbeiten. Wir empfehlen Benutzern, diese Seite regelm\u00e4\u00dfig auf \u00c4nderungen zu \u00fcberpr\u00fcfen, um dar\u00fcber informiert zu bleiben, wie wir zum Schutz der von uns gesammelten pers\u00f6nlichen Daten beitragen. Sie erkennen an und stimmen zu, dass es in Ihrer Verantwortung liegt, diese Datenschutzrichtlinie regelm\u00e4\u00dfig zu \u00fcberpr\u00fcfen und auf \u00c4nderungen aufmerksam zu machen.<\/p>\n<p><b>Ihre Zustimmung zu diesen Bedingungen<\/b><\/p>\n<p>Durch die Nutzung dieser Website erkl\u00e4ren Sie Ihr Einverst\u00e4ndnis mit dieser Richtlinie. Wenn Sie dieser Richtlinie nicht zustimmen, verwenden Sie unsere Website bitte nicht. Ihre fortgesetzte Nutzung der Website nach der Ver\u00f6ffentlichung von \u00c4nderungen an dieser Richtlinie gilt als Ihre Zustimmung zu diesen \u00c4nderungen.<\/p>\n<p><strong>Wettbewerbsregeln und Verbraucherschutz<\/strong><\/p>\n<p>Die auf unserer Webseite abgebildeten Referenzen sind von uns ausgew\u00e4hlt worden. Wir haben dabei unter den sehr guten Bewertungen einige ausgew\u00e4hlt und nutzen dabei keinen Algorithmus oder sonstige Kriterien.<br \/>\nEinziges Auswahlkriterium ist, dass uns diese Referenzen sehr gefreut haben.<\/p>\n<p>Die auf unserer Startseite abgebildeten Immobilien sind von uns unter vielen weiteren Angeboten ausgew\u00e4hl worden. Einziges Auswahlkriterium ist, dass diese Immobilien von uns aktuell neu in die Vermittlung aufgenommen worden sind. Unsere weiteren Immobilienangebote finden Sie unter <a href=\"https:\/\/muzi-berlin.de\">https:\/\/muzi-berlin.de<\/a><\/p>\n<p>Bei. den in unserem Google Unternehmensprofil abgegebenen Bewertungen k\u00f6nnen wir nicht sicher stellen, dass es sich wirklich ausschlie\u00dflich um Kunden von uns handelt, die dort Bewertungen abgeben, weil das Unternehmensprofil \u00f6ffentlich zug\u00e4nglich ist.<\/p>\n","protected":false},"excerpt":{"rendered":"<p>Allgemeine Gesch\u00e4ftsbedingungen (AGB) Der Maklervertrag mit uns kommt durch die Inanspruchnahme unserer Maklert\u00e4tigkeit auf der Basis des Objekt-Expos\u00e9s und seiner Bedingungen zustande. Die Angaben beruhen auf den uns \u00fcberlassenen Informationen und k\u00f6nnen eine eigene Objektpr\u00fcfung nicht ersetzen. Eine Haftung f\u00fcr die Richtigkeit und Vollst\u00e4ndigkeit k\u00f6nnen wir nicht \u00fcbernehmen. Irrtum und \u00c4nderungen der Informationen behalten wir uns ausdr\u00fccklich vor. Wir k\u00f6nnen deshalb keine Gew\u00e4hr daf\u00fcr &#8230;<\/p>\n","protected":false},"author":1,"featured_media":0,"parent":0,"menu_order":0,"comment_status":"closed","ping_status":"closed","template":"terms_conditions.php","meta":{"footnotes":""},"class_list":["post-5275","page","type-page","status-publish","hentry"],"acf":[],"yoast_head":"<!-- This site is optimized with the Yoast SEO plugin v21.1 - https:\/\/yoast.com\/wordpress\/plugins\/seo\/ -->\n<title>AGBs - Muzi Berlin Immobilien &amp; Finanzdienst e.K.<\/title>\n<meta name=\"robots\" content=\"index, follow, max-snippet:-1, max-image-preview:large, max-video-preview:-1\" \/>\n<link rel=\"canonical\" href=\"https:\/\/www.muzi-berlin.de\/de\/agbs-2\/\" \/>\n<meta property=\"og:locale\" content=\"de_DE\" \/>\n<meta property=\"og:type\" content=\"article\" \/>\n<meta property=\"og:title\" content=\"AGBs - Muzi Berlin Immobilien &amp; Finanzdienst e.K.\" \/>\n<meta property=\"og:description\" content=\"Allgemeine Gesch\u00e4ftsbedingungen (AGB) Der Maklervertrag mit uns kommt durch die Inanspruchnahme unserer Maklert\u00e4tigkeit auf der Basis des Objekt-Expos\u00e9s und seiner Bedingungen zustande. Die Angaben beruhen auf den uns \u00fcberlassenen Informationen und k\u00f6nnen eine eigene Objektpr\u00fcfung nicht ersetzen. Eine Haftung f\u00fcr die Richtigkeit und Vollst\u00e4ndigkeit k\u00f6nnen wir nicht \u00fcbernehmen. Irrtum und \u00c4nderungen der Informationen behalten wir uns ausdr\u00fccklich vor. Wir k\u00f6nnen deshalb keine Gew\u00e4hr daf\u00fcr ...\" \/>\n<meta property=\"og:url\" content=\"https:\/\/www.muzi-berlin.de\/de\/agbs-2\/\" \/>\n<meta property=\"og:site_name\" content=\"Muzi Berlin Immobilien &amp; Finanzdienst e.K.\" \/>\n<meta property=\"article:modified_time\" content=\"2025-02-06T11:04:18+00:00\" \/>\n<meta name=\"twitter:card\" content=\"summary_large_image\" \/>\n<meta name=\"twitter:label1\" content=\"Gesch\u00e4tzte Lesezeit\" \/>\n\t<meta name=\"twitter:data1\" content=\"8\u00a0Minuten\" \/>\n<script type=\"application\/ld+json\" class=\"yoast-schema-graph\">{\"@context\":\"https:\/\/schema.org\",\"@graph\":[{\"@type\":\"WebPage\",\"@id\":\"https:\/\/www.muzi-berlin.de\/agbs-2\/\",\"url\":\"https:\/\/www.muzi-berlin.de\/agbs-2\/\",\"name\":\"AGBs - Muzi Berlin Immobilien &amp; Finanzdienst e.K.\",\"isPartOf\":{\"@id\":\"https:\/\/www.muzi-berlin.de\/de\/#website\"},\"datePublished\":\"2014-05-24T13:51:08+00:00\",\"dateModified\":\"2025-02-06T11:04:18+00:00\",\"breadcrumb\":{\"@id\":\"https:\/\/www.muzi-berlin.de\/agbs-2\/#breadcrumb\"},\"inLanguage\":\"de\",\"potentialAction\":[{\"@type\":\"ReadAction\",\"target\":[\"https:\/\/www.muzi-berlin.de\/agbs-2\/\"]}]},{\"@type\":\"BreadcrumbList\",\"@id\":\"https:\/\/www.muzi-berlin.de\/agbs-2\/#breadcrumb\",\"itemListElement\":[{\"@type\":\"ListItem\",\"position\":1,\"name\":\"Startseite\",\"item\":\"https:\/\/www.muzi-berlin.de\/de\/\"},{\"@type\":\"ListItem\",\"position\":2,\"name\":\"AGBs\"}]},{\"@type\":\"WebSite\",\"@id\":\"https:\/\/www.muzi-berlin.de\/de\/#website\",\"url\":\"https:\/\/www.muzi-berlin.de\/de\/\",\"name\":\"Muzi - Berlin Immobilien & Finanzdienst e.K.\",\"description\":\"\",\"publisher\":{\"@id\":\"https:\/\/www.muzi-berlin.de\/de\/#organization\"},\"potentialAction\":[{\"@type\":\"SearchAction\",\"target\":{\"@type\":\"EntryPoint\",\"urlTemplate\":\"https:\/\/www.muzi-berlin.de\/de\/?s={search_term_string}\"},\"query-input\":\"required name=search_term_string\"}],\"inLanguage\":\"de\"},{\"@type\":\"Organization\",\"@id\":\"https:\/\/www.muzi-berlin.de\/de\/#organization\",\"name\":\"Muzi - Berlin Immobilien & Finanzdienst e.K.\",\"url\":\"https:\/\/www.muzi-berlin.de\/de\/\",\"logo\":{\"@type\":\"ImageObject\",\"inLanguage\":\"de\",\"@id\":\"https:\/\/www.muzi-berlin.de\/de\/#\/schema\/logo\/image\/\",\"url\":\"https:\/\/www.muzi-berlin.de\/wp-content\/uploads\/2023\/08\/465MBuberarbeitet-1-scaled.jpg\",\"contentUrl\":\"https:\/\/www.muzi-berlin.de\/wp-content\/uploads\/2023\/08\/465MBuberarbeitet-1-scaled.jpg\",\"width\":2560,\"height\":792,\"caption\":\"Muzi - Berlin Immobilien & Finanzdienst e.K.\"},\"image\":{\"@id\":\"https:\/\/www.muzi-berlin.de\/de\/#\/schema\/logo\/image\/\"}}]}<\/script>\n<!-- \/ Yoast SEO plugin. -->","yoast_head_json":{"title":"AGBs - Muzi Berlin Immobilien &amp; Finanzdienst e.K.","robots":{"index":"index","follow":"follow","max-snippet":"max-snippet:-1","max-image-preview":"max-image-preview:large","max-video-preview":"max-video-preview:-1"},"canonical":"https:\/\/www.muzi-berlin.de\/de\/agbs-2\/","og_locale":"de_DE","og_type":"article","og_title":"AGBs - Muzi Berlin Immobilien &amp; Finanzdienst e.K.","og_description":"Allgemeine Gesch\u00e4ftsbedingungen (AGB) Der Maklervertrag mit uns kommt durch die Inanspruchnahme unserer Maklert\u00e4tigkeit auf der Basis des Objekt-Expos\u00e9s und seiner Bedingungen zustande. Die Angaben beruhen auf den uns \u00fcberlassenen Informationen und k\u00f6nnen eine eigene Objektpr\u00fcfung nicht ersetzen. Eine Haftung f\u00fcr die Richtigkeit und Vollst\u00e4ndigkeit k\u00f6nnen wir nicht \u00fcbernehmen. Irrtum und \u00c4nderungen der Informationen behalten wir uns ausdr\u00fccklich vor. Wir k\u00f6nnen deshalb keine Gew\u00e4hr daf\u00fcr ...","og_url":"https:\/\/www.muzi-berlin.de\/de\/agbs-2\/","og_site_name":"Muzi Berlin Immobilien &amp; Finanzdienst e.K.","article_modified_time":"2025-02-06T11:04:18+00:00","twitter_card":"summary_large_image","twitter_misc":{"Gesch\u00e4tzte Lesezeit":"8\u00a0Minuten"},"schema":{"@context":"https:\/\/schema.org","@graph":[{"@type":"WebPage","@id":"https:\/\/www.muzi-berlin.de\/agbs-2\/","url":"https:\/\/www.muzi-berlin.de\/agbs-2\/","name":"AGBs - Muzi Berlin Immobilien &amp; Finanzdienst e.K.","isPartOf":{"@id":"https:\/\/www.muzi-berlin.de\/de\/#website"},"datePublished":"2014-05-24T13:51:08+00:00","dateModified":"2025-02-06T11:04:18+00:00","breadcrumb":{"@id":"https:\/\/www.muzi-berlin.de\/agbs-2\/#breadcrumb"},"inLanguage":"de","potentialAction":[{"@type":"ReadAction","target":["https:\/\/www.muzi-berlin.de\/agbs-2\/"]}]},{"@type":"BreadcrumbList","@id":"https:\/\/www.muzi-berlin.de\/agbs-2\/#breadcrumb","itemListElement":[{"@type":"ListItem","position":1,"name":"Startseite","item":"https:\/\/www.muzi-berlin.de\/de\/"},{"@type":"ListItem","position":2,"name":"AGBs"}]},{"@type":"WebSite","@id":"https:\/\/www.muzi-berlin.de\/de\/#website","url":"https:\/\/www.muzi-berlin.de\/de\/","name":"Muzi - Berlin Immobilien & Finanzdienst e.K.","description":"","publisher":{"@id":"https:\/\/www.muzi-berlin.de\/de\/#organization"},"potentialAction":[{"@type":"SearchAction","target":{"@type":"EntryPoint","urlTemplate":"https:\/\/www.muzi-berlin.de\/de\/?s={search_term_string}"},"query-input":"required name=search_term_string"}],"inLanguage":"de"},{"@type":"Organization","@id":"https:\/\/www.muzi-berlin.de\/de\/#organization","name":"Muzi - Berlin Immobilien & Finanzdienst e.K.","url":"https:\/\/www.muzi-berlin.de\/de\/","logo":{"@type":"ImageObject","inLanguage":"de","@id":"https:\/\/www.muzi-berlin.de\/de\/#\/schema\/logo\/image\/","url":"https:\/\/www.muzi-berlin.de\/wp-content\/uploads\/2023\/08\/465MBuberarbeitet-1-scaled.jpg","contentUrl":"https:\/\/www.muzi-berlin.de\/wp-content\/uploads\/2023\/08\/465MBuberarbeitet-1-scaled.jpg","width":2560,"height":792,"caption":"Muzi - Berlin Immobilien & Finanzdienst e.K."},"image":{"@id":"https:\/\/www.muzi-berlin.de\/de\/#\/schema\/logo\/image\/"}}]}},"_links":{"self":[{"href":"https:\/\/www.muzi-berlin.de\/de\/wp-json\/wp\/v2\/pages\/5275","targetHints":{"allow":["GET"]}}],"collection":[{"href":"https:\/\/www.muzi-berlin.de\/de\/wp-json\/wp\/v2\/pages"}],"about":[{"href":"https:\/\/www.muzi-berlin.de\/de\/wp-json\/wp\/v2\/types\/page"}],"author":[{"embeddable":true,"href":"https:\/\/www.muzi-berlin.de\/de\/wp-json\/wp\/v2\/users\/1"}],"replies":[{"embeddable":true,"href":"https:\/\/www.muzi-berlin.de\/de\/wp-json\/wp\/v2\/comments?post=5275"}],"version-history":[{"count":1,"href":"https:\/\/www.muzi-berlin.de\/de\/wp-json\/wp\/v2\/pages\/5275\/revisions"}],"predecessor-version":[{"id":62379,"href":"https:\/\/www.muzi-berlin.de\/de\/wp-json\/wp\/v2\/pages\/5275\/revisions\/62379"}],"wp:attachment":[{"href":"https:\/\/www.muzi-berlin.de\/de\/wp-json\/wp\/v2\/media?parent=5275"}],"curies":[{"name":"wp","href":"https:\/\/api.w.org\/{rel}","templated":true}]}}